{"id":10854,"date":"2021-06-16T16:07:54","date_gmt":"2021-06-16T16:07:54","guid":{"rendered":"https:\/\/www.vesamgroup.com\/a-vesam\/ambiente\/"},"modified":"2021-07-20T10:05:57","modified_gmt":"2021-07-20T10:05:57","slug":"environment","status":"publish","type":"page","link":"https:\/\/www.vesamgroup.com\/en\/vesam\/environment\/","title":{"rendered":"Environment"},"content":{"rendered":"\t\t<div data-elementor-type=\"wp-page\" data-elementor-id=\"10854\" class=\"elementor elementor-10854\">\n\t\t\t\t\t\t<section class=\"elementor-section elementor-top-section elementor-element elementor-element-4caa65f elementor-section-boxed elementor-section-height-default elementor-section-height-default qodef-elementor-content-no\" data-id=\"4caa65f\" data-element_type=\"section\">\n\t\t\t\t\t\t<div class=\"elementor-container elementor-column-gap-default\">\n\t\t\t\t\t<div class=\"elementor-column elementor-col-100 elementor-top-column elementor-element elementor-element-09a63fd\" data-id=\"09a63fd\" data-element_type=\"column\">\n\t\t\t<div class=\"elementor-widget-wrap elementor-element-populated\">\n\t\t\t\t\t\t<div class=\"elementor-element elementor-element-6643452 elementor-widget elementor-widget-heading\" data-id=\"6643452\" data-element_type=\"widget\" data-widget_type=\"heading.default\">\n\t\t\t\t<div class=\"elementor-widget-container\">\n\t\t\t<h2 class=\"elementor-heading-title elementor-size-default\">Environmental Policy<\/h2>\t\t<\/div>\n\t\t\t\t<\/div>\n\t\t\t\t<div class=\"elementor-element elementor-element-2e3bf60 elementor-widget elementor-widget-text-editor\" data-id=\"2e3bf60\" data-element_type=\"widget\" data-widget_type=\"text-editor.default\">\n\t\t\t\t<div class=\"elementor-widget-container\">\n\t\t\t\t\t\t\t<p>We believe in sustainable development and seek to reduce environmental impacts in all of our activities.<\/p><p><span style=\"font-weight: var( --e-global-typography-text-font-weight );\">Our <\/span><b>Environmental Policy <\/b><span style=\"font-weight: var( --e-global-typography-text-font-weight );\">is reflected in the following commitments:<\/span><\/p>\n<ol>\n<li><b>Protect the environment <\/b>in all its dimensions<\/li>\n<li><b>Reduce the environmental impact <\/b>of all activities and processes<\/li>\n<li><b>Mitigate environmental risks <\/b>in all decision-making<\/li>\n<li><b>Stimulate the perspective of the life cycle<\/b> of products and solutions through R&amp;D + Innovation<\/li>\n<li><b> Comply with environmental legislation<\/b>, and follow applicable guidelines and best practices<\/li>\n<li><b>Promote environmental awareness <\/b>in the company and throughout the value chain<\/li>\n<\/ol>\t\t\t\t\t\t<\/div>\n\t\t\t\t<\/div>\n\t\t\t\t\t<\/div>\n\t\t<\/div>\n\t\t\t\t\t<\/div>\n\t\t<\/section>\n\t\t\t\t<\/div>\n\t\t","protected":false},"excerpt":{"rendered":"<p>Environmental Policy We believe in sustainable development and seek to reduce environmental impacts in all of our activities. Our Environmental Policy is reflected in the following commitments: Protect the environment in all its dimensions Reduce the environmental impact of all activities and processes Mitigate environmental risks in all decision-making Stimulate the perspective of the life [&hellip;]<\/p>\n","protected":false},"author":1,"featured_media":0,"parent":10426,"menu_order":0,"comment_status":"closed","ping_status":"closed","template":"page-full-width.php","meta":{"footnotes":""},"class_list":["post-10854","page","type-page","status-publish","hentry"],"yoast_head":"<!-- This site is optimized with the Yoast SEO plugin v27.5 - https:\/\/yoast.com\/product\/yoast-seo-wordpress\/ -->\n<title>Environment - VESAM<\/title>\n<meta name=\"description\" content=\"1\u00aa EMPRESA PORTUGUESA COM MARCA\u00c7\u00c3O CE NA EXECU\u00c7\u00c3O DE ESTRUTURAS DE A\u00c7O.\" \/>\n<meta name=\"robots\" content=\"index, follow, max-snippet:-1, max-image-preview:large, max-video-preview:-1\" \/>\n<link rel=\"canonical\" href=\"https:\/\/www.vesamgroup.com\/en\/vesam\/environment\/\" \/>\n<meta property=\"og:locale\" content=\"en_US\" \/>\n<meta property=\"og:type\" content=\"article\" \/>\n<meta property=\"og:title\" content=\"Environment - VESAM\" \/>\n<meta property=\"og:description\" content=\"1\u00aa EMPRESA PORTUGUESA COM MARCA\u00c7\u00c3O CE NA EXECU\u00c7\u00c3O DE ESTRUTURAS DE A\u00c7O.\" \/>\n<meta property=\"og:url\" content=\"https:\/\/www.vesamgroup.com\/en\/vesam\/environment\/\" \/>\n<meta property=\"og:site_name\" content=\"VESAM\" \/>\n<meta property=\"article:modified_time\" content=\"2021-07-20T10:05:57+00:00\" \/>\n<meta property=\"og:image\" content=\"https:\/\/www.vesamgroup.com\/wp-content\/uploads\/2021\/07\/VESAM-Open-graph-image.jpg\" \/>\n\t<meta property=\"og:image:width\" content=\"1200\" \/>\n\t<meta property=\"og:image:height\" content=\"630\" \/>\n\t<meta property=\"og:image:type\" content=\"image\/jpeg\" \/>\n<meta name=\"twitter:card\" content=\"summary_large_image\" \/>\n<meta name=\"twitter:label1\" content=\"Est. reading time\" \/>\n\t<meta name=\"twitter:data1\" content=\"1 minute\" \/>\n<script type=\"application\/ld+json\" class=\"yoast-schema-graph\">{\"@context\":\"https:\\\/\\\/schema.org\",\"@graph\":[{\"@type\":\"WebPage\",\"@id\":\"https:\\\/\\\/www.vesamgroup.com\\\/en\\\/vesam\\\/environment\\\/\",\"url\":\"https:\\\/\\\/www.vesamgroup.com\\\/en\\\/vesam\\\/environment\\\/\",\"name\":\"Environment - VESAM\",\"isPartOf\":{\"@id\":\"https:\\\/\\\/www.vesamgroup.com\\\/en\\\/#website\"},\"datePublished\":\"2021-06-16T16:07:54+00:00\",\"dateModified\":\"2021-07-20T10:05:57+00:00\",\"description\":\"1\u00aa EMPRESA PORTUGUESA COM MARCA\u00c7\u00c3O CE NA EXECU\u00c7\u00c3O DE ESTRUTURAS DE A\u00c7O.\",\"breadcrumb\":{\"@id\":\"https:\\\/\\\/www.vesamgroup.com\\\/en\\\/vesam\\\/environment\\\/#breadcrumb\"},\"inLanguage\":\"en-US\",\"potentialAction\":[{\"@type\":\"ReadAction\",\"target\":[\"https:\\\/\\\/www.vesamgroup.com\\\/en\\\/vesam\\\/environment\\\/\"]}]},{\"@type\":\"BreadcrumbList\",\"@id\":\"https:\\\/\\\/www.vesamgroup.com\\\/en\\\/vesam\\\/environment\\\/#breadcrumb\",\"itemListElement\":[{\"@type\":\"ListItem\",\"position\":1,\"name\":\"Home\",\"item\":\"https:\\\/\\\/www.vesamgroup.com\\\/en\\\/\"},{\"@type\":\"ListItem\",\"position\":2,\"name\":\"Vesam\",\"item\":\"https:\\\/\\\/www.vesamgroup.com\\\/en\\\/vesam\\\/\"},{\"@type\":\"ListItem\",\"position\":3,\"name\":\"Environment\"}]},{\"@type\":\"WebSite\",\"@id\":\"https:\\\/\\\/www.vesamgroup.com\\\/en\\\/#website\",\"url\":\"https:\\\/\\\/www.vesamgroup.com\\\/en\\\/\",\"name\":\"VESAM\",\"description\":\"Pioneiros a criar solu\u00e7\u00f5es integradas e inovadoras em estruturas met\u00e1licas e mistas.\",\"publisher\":{\"@id\":\"https:\\\/\\\/www.vesamgroup.com\\\/en\\\/#organization\"},\"potentialAction\":[{\"@type\":\"SearchAction\",\"target\":{\"@type\":\"EntryPoint\",\"urlTemplate\":\"https:\\\/\\\/www.vesamgroup.com\\\/en\\\/?s={search_term_string}\"},\"query-input\":{\"@type\":\"PropertyValueSpecification\",\"valueRequired\":true,\"valueName\":\"search_term_string\"}}],\"inLanguage\":\"en-US\"},{\"@type\":\"Organization\",\"@id\":\"https:\\\/\\\/www.vesamgroup.com\\\/en\\\/#organization\",\"name\":\"Vesam\",\"url\":\"https:\\\/\\\/www.vesamgroup.com\\\/en\\\/\",\"logo\":{\"@type\":\"ImageObject\",\"inLanguage\":\"en-US\",\"@id\":\"https:\\\/\\\/www.vesamgroup.com\\\/en\\\/#\\\/schema\\\/logo\\\/image\\\/\",\"url\":\"https:\\\/\\\/www.vesamgroup.com\\\/wp-content\\\/uploads\\\/2021\\\/04\\\/VESAM-Logo.png\",\"contentUrl\":\"https:\\\/\\\/www.vesamgroup.com\\\/wp-content\\\/uploads\\\/2021\\\/04\\\/VESAM-Logo.png\",\"width\":243,\"height\":90,\"caption\":\"Vesam\"},\"image\":{\"@id\":\"https:\\\/\\\/www.vesamgroup.com\\\/en\\\/#\\\/schema\\\/logo\\\/image\\\/\"}}]}<\/script>\n<!-- \/ Yoast SEO plugin. -->","yoast_head_json":{"title":"Environment - VESAM","description":"1\u00aa EMPRESA PORTUGUESA COM MARCA\u00c7\u00c3O CE NA EXECU\u00c7\u00c3O DE ESTRUTURAS DE A\u00c7O.","robots":{"index":"index","follow":"follow","max-snippet":"max-snippet:-1","max-image-preview":"max-image-preview:large","max-video-preview":"max-video-preview:-1"},"canonical":"https:\/\/www.vesamgroup.com\/en\/vesam\/environment\/","og_locale":"en_US","og_type":"article","og_title":"Environment - VESAM","og_description":"1\u00aa EMPRESA PORTUGUESA COM MARCA\u00c7\u00c3O CE NA EXECU\u00c7\u00c3O DE ESTRUTURAS DE A\u00c7O.","og_url":"https:\/\/www.vesamgroup.com\/en\/vesam\/environment\/","og_site_name":"VESAM","article_modified_time":"2021-07-20T10:05:57+00:00","og_image":[{"width":1200,"height":630,"url":"https:\/\/www.vesamgroup.com\/wp-content\/uploads\/2021\/07\/VESAM-Open-graph-image.jpg","type":"image\/jpeg"}],"twitter_card":"summary_large_image","twitter_misc":{"Est. reading time":"1 minute"},"schema":{"@context":"https:\/\/schema.org","@graph":[{"@type":"WebPage","@id":"https:\/\/www.vesamgroup.com\/en\/vesam\/environment\/","url":"https:\/\/www.vesamgroup.com\/en\/vesam\/environment\/","name":"Environment - VESAM","isPartOf":{"@id":"https:\/\/www.vesamgroup.com\/en\/#website"},"datePublished":"2021-06-16T16:07:54+00:00","dateModified":"2021-07-20T10:05:57+00:00","description":"1\u00aa EMPRESA PORTUGUESA COM MARCA\u00c7\u00c3O CE NA EXECU\u00c7\u00c3O DE ESTRUTURAS DE A\u00c7O.","breadcrumb":{"@id":"https:\/\/www.vesamgroup.com\/en\/vesam\/environment\/#breadcrumb"},"inLanguage":"en-US","potentialAction":[{"@type":"ReadAction","target":["https:\/\/www.vesamgroup.com\/en\/vesam\/environment\/"]}]},{"@type":"BreadcrumbList","@id":"https:\/\/www.vesamgroup.com\/en\/vesam\/environment\/#breadcrumb","itemListElement":[{"@type":"ListItem","position":1,"name":"Home","item":"https:\/\/www.vesamgroup.com\/en\/"},{"@type":"ListItem","position":2,"name":"Vesam","item":"https:\/\/www.vesamgroup.com\/en\/vesam\/"},{"@type":"ListItem","position":3,"name":"Environment"}]},{"@type":"WebSite","@id":"https:\/\/www.vesamgroup.com\/en\/#website","url":"https:\/\/www.vesamgroup.com\/en\/","name":"VESAM","description":"Pioneiros a criar solu\u00e7\u00f5es integradas e inovadoras em estruturas met\u00e1licas e mistas.","publisher":{"@id":"https:\/\/www.vesamgroup.com\/en\/#organization"},"potentialAction":[{"@type":"SearchAction","target":{"@type":"EntryPoint","urlTemplate":"https:\/\/www.vesamgroup.com\/en\/?s={search_term_string}"},"query-input":{"@type":"PropertyValueSpecification","valueRequired":true,"valueName":"search_term_string"}}],"inLanguage":"en-US"},{"@type":"Organization","@id":"https:\/\/www.vesamgroup.com\/en\/#organization","name":"Vesam","url":"https:\/\/www.vesamgroup.com\/en\/","logo":{"@type":"ImageObject","inLanguage":"en-US","@id":"https:\/\/www.vesamgroup.com\/en\/#\/schema\/logo\/image\/","url":"https:\/\/www.vesamgroup.com\/wp-content\/uploads\/2021\/04\/VESAM-Logo.png","contentUrl":"https:\/\/www.vesamgroup.com\/wp-content\/uploads\/2021\/04\/VESAM-Logo.png","width":243,"height":90,"caption":"Vesam"},"image":{"@id":"https:\/\/www.vesamgroup.com\/en\/#\/schema\/logo\/image\/"}}]}},"_links":{"self":[{"href":"https:\/\/www.vesamgroup.com\/en\/wp-json\/wp\/v2\/pages\/10854","targetHints":{"allow":["GET"]}}],"collection":[{"href":"https:\/\/www.vesamgroup.com\/en\/wp-json\/wp\/v2\/pages"}],"about":[{"href":"https:\/\/www.vesamgroup.com\/en\/wp-json\/wp\/v2\/types\/page"}],"author":[{"embeddable":true,"href":"https:\/\/www.vesamgroup.com\/en\/wp-json\/wp\/v2\/users\/1"}],"replies":[{"embeddable":true,"href":"https:\/\/www.vesamgroup.com\/en\/wp-json\/wp\/v2\/comments?post=10854"}],"version-history":[{"count":10,"href":"https:\/\/www.vesamgroup.com\/en\/wp-json\/wp\/v2\/pages\/10854\/revisions"}],"predecessor-version":[{"id":11669,"href":"https:\/\/www.vesamgroup.com\/en\/wp-json\/wp\/v2\/pages\/10854\/revisions\/11669"}],"up":[{"embeddable":true,"href":"https:\/\/www.vesamgroup.com\/en\/wp-json\/wp\/v2\/pages\/10426"}],"wp:attachment":[{"href":"https:\/\/www.vesamgroup.com\/en\/wp-json\/wp\/v2\/media?parent=10854"}],"curies":[{"name":"wp","href":"https:\/\/api.w.org\/{rel}","templated":true}]}}