{"id":10938,"date":"2021-04-23T11:53:03","date_gmt":"2021-04-23T11:53:03","guid":{"rendered":"https:\/\/www.vesamgroup.com\/a-vesam\/investigacao-desenvolvimento-e-inovacao\/"},"modified":"2026-02-09T18:05:32","modified_gmt":"2026-02-09T18:05:32","slug":"research-development-and-innovation","status":"publish","type":"page","link":"https:\/\/www.vesamgroup.com\/en\/vesam\/research-development-and-innovation\/","title":{"rendered":"Research, development and innovation"},"content":{"rendered":"\t\t<div data-elementor-type=\"wp-page\" data-elementor-id=\"10938\" class=\"elementor elementor-10938\">\n\t\t\t\t\t\t<section class=\"elementor-section elementor-top-section elementor-element elementor-element-ce97994 investigation-development-innovation-description elementor-reverse-tablet elementor-reverse-mobile elementor-section-boxed elementor-section-height-default elementor-section-height-default qodef-elementor-content-no\" data-id=\"ce97994\" data-element_type=\"section\">\n\t\t\t\t\t\t<div class=\"elementor-container elementor-column-gap-default\">\n\t\t\t\t\t<div class=\"elementor-column elementor-col-50 elementor-top-column elementor-element elementor-element-4142542\" data-id=\"4142542\" data-element_type=\"column\">\n\t\t\t<div class=\"elementor-widget-wrap elementor-element-populated\">\n\t\t\t\t\t\t<div class=\"elementor-element elementor-element-8a68e7f elementor-widget elementor-widget-image\" data-id=\"8a68e7f\" data-element_type=\"widget\" data-widget_type=\"image.default\">\n\t\t\t\t<div class=\"elementor-widget-container\">\n\t\t\t\t\t\t\t\t\t\t\t\t\t\t\t<img fetchpriority=\"high\" decoding=\"async\" width=\"613\" height=\"378\" src=\"https:\/\/www.vesamgroup.com\/wp-content\/uploads\/2021\/07\/componente_2_en.png\" class=\"attachment-full size-full wp-image-11919\" alt=\"\" srcset=\"https:\/\/www.vesamgroup.com\/wp-content\/uploads\/2021\/07\/componente_2_en.png 613w, https:\/\/www.vesamgroup.com\/wp-content\/uploads\/2021\/07\/componente_2_en-300x185.png 300w\" sizes=\"(max-width: 613px) 100vw, 613px\" \/>\t\t\t\t\t\t\t\t\t\t\t\t\t\t\t<\/div>\n\t\t\t\t<\/div>\n\t\t\t\t\t<\/div>\n\t\t<\/div>\n\t\t\t\t<div class=\"elementor-column elementor-col-50 elementor-top-column elementor-element elementor-element-714f29f\" data-id=\"714f29f\" data-element_type=\"column\">\n\t\t\t<div class=\"elementor-widget-wrap elementor-element-populated\">\n\t\t\t\t\t\t<div class=\"elementor-element elementor-element-ba24436 elementor-widget elementor-widget-heading\" data-id=\"ba24436\" data-element_type=\"widget\" data-widget_type=\"heading.default\">\n\t\t\t\t<div class=\"elementor-widget-container\">\n\t\t\t\t\t<h3 class=\"elementor-heading-title elementor-size-default\">R&amp;D+i <\/h3>\t\t\t\t<\/div>\n\t\t\t\t<\/div>\n\t\t\t\t<div class=\"elementor-element elementor-element-cd5f89d elementor-widget elementor-widget-text-editor\" data-id=\"cd5f89d\" data-element_type=\"widget\" data-widget_type=\"text-editor.default\">\n\t\t\t\t<div class=\"elementor-widget-container\">\n\t\t\t\t\t\t\t\t\t<p>VESAM considers Research, Development and Innovation (R&amp; D+I) as a strategic axis for its success and its assertion on the global market. For this reason, we invest more than 10% of our annual turnover in R&amp;D+I activities.<\/p><p><span style=\"font-weight: var( --e-global-typography-text-font-weight );\">The market is increasingly demanding the digitization of processes, real-time information and the monitoring of the life cycle of structures. This is only possible by interacting between the different fields of civil, mechanical, electronic and computer engineering.<\/span><\/p><p><span style=\"font-weight: var( --e-global-typography-text-font-weight );\">VESAM&#8217;s R&amp;D+I team is multidisciplinary and composed of technicians with advanced training in civil engineering, computer science and electronics engineering.<\/span><\/p><p><span style=\"font-weight: var( --e-global-typography-text-font-weight );\">We believe that true innovation is only possible by combining knowledge and experience from different technological fields.<\/span><\/p>\t\t\t\t\t\t\t\t<\/div>\n\t\t\t\t<\/div>\n\t\t\t\t\t<\/div>\n\t\t<\/div>\n\t\t\t\t\t<\/div>\n\t\t<\/section>\n\t\t\t\t<section class=\"elementor-section elementor-top-section elementor-element elementor-element-c9322fa vesam-laboratory elementor-section-boxed elementor-section-height-default elementor-section-height-default qodef-elementor-content-no\" data-id=\"c9322fa\" data-element_type=\"section\">\n\t\t\t\t\t\t<div class=\"elementor-container elementor-column-gap-default\">\n\t\t\t\t\t<div class=\"elementor-column elementor-col-50 elementor-top-column elementor-element elementor-element-e6bcd6c\" data-id=\"e6bcd6c\" data-element_type=\"column\">\n\t\t\t<div class=\"elementor-widget-wrap elementor-element-populated\">\n\t\t\t\t\t\t<div class=\"elementor-element elementor-element-b2353ba elementor-widget elementor-widget-heading\" data-id=\"b2353ba\" data-element_type=\"widget\" data-widget_type=\"heading.default\">\n\t\t\t\t<div class=\"elementor-widget-container\">\n\t\t\t\t\t<h3 class=\"elementor-heading-title elementor-size-default\"> STEEL RESEARCH CENTER<\/h3>\t\t\t\t<\/div>\n\t\t\t\t<\/div>\n\t\t\t\t<div class=\"elementor-element elementor-element-74cde84 elementor-widget elementor-widget-text-editor\" data-id=\"74cde84\" data-element_type=\"widget\" data-widget_type=\"text-editor.default\">\n\t\t\t\t<div class=\"elementor-widget-container\">\n\t\t\t\t\t\t\t\t\t<p>VESAM&#8217;s Steel Research Center was created with the mission of promoting the creation of innovative products and solutions in steel and composite structures. In addition, this steel research center also makes it possible to carry out quality control of materials and test structures on a full scale.<\/p>\t\t\t\t\t\t\t\t<\/div>\n\t\t\t\t<\/div>\n\t\t\t\t\t<\/div>\n\t\t<\/div>\n\t\t\t\t<div class=\"elementor-column elementor-col-50 elementor-top-column elementor-element elementor-element-031cc3d\" data-id=\"031cc3d\" data-element_type=\"column\">\n\t\t\t<div class=\"elementor-widget-wrap elementor-element-populated\">\n\t\t\t\t\t\t<div class=\"elementor-element elementor-element-86fd489 elementor-widget elementor-widget-image\" data-id=\"86fd489\" data-element_type=\"widget\" data-widget_type=\"image.default\">\n\t\t\t\t<div class=\"elementor-widget-container\">\n\t\t\t\t\t\t\t\t\t\t\t\t\t\t\t<img decoding=\"async\" width=\"424\" height=\"424\" src=\"https:\/\/www.vesamgroup.com\/wp-content\/uploads\/2021\/04\/laboratorio-VESAM.jpg\" class=\"attachment-full size-full wp-image-7316\" alt=\"\" srcset=\"https:\/\/www.vesamgroup.com\/wp-content\/uploads\/2021\/04\/laboratorio-VESAM.jpg 424w, https:\/\/www.vesamgroup.com\/wp-content\/uploads\/2021\/04\/laboratorio-VESAM-300x300.jpg 300w, https:\/\/www.vesamgroup.com\/wp-content\/uploads\/2021\/04\/laboratorio-VESAM-150x150.jpg 150w, https:\/\/www.vesamgroup.com\/wp-content\/uploads\/2021\/04\/laboratorio-VESAM-82x82.jpg 82w\" sizes=\"(max-width: 424px) 100vw, 424px\" \/>\t\t\t\t\t\t\t\t\t\t\t\t\t\t\t<\/div>\n\t\t\t\t<\/div>\n\t\t\t\t\t<\/div>\n\t\t<\/div>\n\t\t\t\t\t<\/div>\n\t\t<\/section>\n\t\t\t\t<\/div>\n\t\t","protected":false},"excerpt":{"rendered":"<p>R&amp;D+i VESAM considers Research, Development and Innovation (R&amp; D+I) as a strategic axis for its success and its assertion on the global market. For this reason, we invest more than 10% of our annual turnover in R&amp;D+I activities. The market is increasingly demanding the digitization of processes, real-time information and the monitoring of the life [&hellip;]<\/p>\n","protected":false},"author":1,"featured_media":0,"parent":10426,"menu_order":0,"comment_status":"closed","ping_status":"closed","template":"page-full-width.php","meta":{"footnotes":""},"class_list":["post-10938","page","type-page","status-publish","hentry"],"yoast_head":"<!-- This site is optimized with the Yoast SEO plugin v27.5 - https:\/\/yoast.com\/product\/yoast-seo-wordpress\/ -->\n<title>Investiga\u00e7\u00e3o desenvolvimento e inova\u00e7\u00e3o - VESAM<\/title>\n<meta name=\"description\" content=\"Investiga\u00e7\u00e3o desenvolvimento e inova\u00e7\u00e3o \u00c1REA ESTRAT\u00c9GICA PARA O SUCESSO E AFIRMA\u00c7\u00c3O DO GRUPO VESAM NO MERCADO GLOBAL\" \/>\n<meta name=\"robots\" content=\"index, follow, max-snippet:-1, max-image-preview:large, max-video-preview:-1\" \/>\n<link rel=\"canonical\" href=\"https:\/\/www.vesamgroup.com\/en\/vesam\/research-development-and-innovation\/\" \/>\n<meta property=\"og:locale\" content=\"en_US\" \/>\n<meta property=\"og:type\" content=\"article\" \/>\n<meta property=\"og:title\" content=\"Investiga\u00e7\u00e3o desenvolvimento e inova\u00e7\u00e3o - VESAM\" \/>\n<meta property=\"og:description\" content=\"Investiga\u00e7\u00e3o desenvolvimento e inova\u00e7\u00e3o \u00c1REA ESTRAT\u00c9GICA PARA O SUCESSO E AFIRMA\u00c7\u00c3O DO GRUPO VESAM NO MERCADO GLOBAL\" \/>\n<meta property=\"og:url\" content=\"https:\/\/www.vesamgroup.com\/en\/vesam\/research-development-and-innovation\/\" \/>\n<meta property=\"og:site_name\" content=\"VESAM\" \/>\n<meta property=\"article:modified_time\" content=\"2026-02-09T18:05:32+00:00\" \/>\n<meta property=\"og:image\" content=\"https:\/\/www.vesamgroup.com\/wp-content\/uploads\/2021\/07\/componente_2_en.png\" \/>\n<meta name=\"twitter:card\" content=\"summary_large_image\" \/>\n<meta name=\"twitter:label1\" content=\"Est. reading time\" \/>\n\t<meta name=\"twitter:data1\" content=\"2 minutes\" \/>\n<script type=\"application\/ld+json\" class=\"yoast-schema-graph\">{\"@context\":\"https:\\\/\\\/schema.org\",\"@graph\":[{\"@type\":\"WebPage\",\"@id\":\"https:\\\/\\\/www.vesamgroup.com\\\/en\\\/vesam\\\/research-development-and-innovation\\\/\",\"url\":\"https:\\\/\\\/www.vesamgroup.com\\\/en\\\/vesam\\\/research-development-and-innovation\\\/\",\"name\":\"Investiga\u00e7\u00e3o desenvolvimento e inova\u00e7\u00e3o - VESAM\",\"isPartOf\":{\"@id\":\"https:\\\/\\\/www.vesamgroup.com\\\/en\\\/#website\"},\"primaryImageOfPage\":{\"@id\":\"https:\\\/\\\/www.vesamgroup.com\\\/en\\\/vesam\\\/research-development-and-innovation\\\/#primaryimage\"},\"image\":{\"@id\":\"https:\\\/\\\/www.vesamgroup.com\\\/en\\\/vesam\\\/research-development-and-innovation\\\/#primaryimage\"},\"thumbnailUrl\":\"https:\\\/\\\/www.vesamgroup.com\\\/wp-content\\\/uploads\\\/2021\\\/07\\\/componente_2_en.png\",\"datePublished\":\"2021-04-23T11:53:03+00:00\",\"dateModified\":\"2026-02-09T18:05:32+00:00\",\"description\":\"Investiga\u00e7\u00e3o desenvolvimento e inova\u00e7\u00e3o \u00c1REA ESTRAT\u00c9GICA PARA O SUCESSO E AFIRMA\u00c7\u00c3O DO GRUPO VESAM NO MERCADO GLOBAL\",\"breadcrumb\":{\"@id\":\"https:\\\/\\\/www.vesamgroup.com\\\/en\\\/vesam\\\/research-development-and-innovation\\\/#breadcrumb\"},\"inLanguage\":\"en-US\",\"potentialAction\":[{\"@type\":\"ReadAction\",\"target\":[\"https:\\\/\\\/www.vesamgroup.com\\\/en\\\/vesam\\\/research-development-and-innovation\\\/\"]}]},{\"@type\":\"ImageObject\",\"inLanguage\":\"en-US\",\"@id\":\"https:\\\/\\\/www.vesamgroup.com\\\/en\\\/vesam\\\/research-development-and-innovation\\\/#primaryimage\",\"url\":\"https:\\\/\\\/www.vesamgroup.com\\\/wp-content\\\/uploads\\\/2021\\\/07\\\/componente_2_en.png\",\"contentUrl\":\"https:\\\/\\\/www.vesamgroup.com\\\/wp-content\\\/uploads\\\/2021\\\/07\\\/componente_2_en.png\"},{\"@type\":\"BreadcrumbList\",\"@id\":\"https:\\\/\\\/www.vesamgroup.com\\\/en\\\/vesam\\\/research-development-and-innovation\\\/#breadcrumb\",\"itemListElement\":[{\"@type\":\"ListItem\",\"position\":1,\"name\":\"Home\",\"item\":\"https:\\\/\\\/www.vesamgroup.com\\\/en\\\/\"},{\"@type\":\"ListItem\",\"position\":2,\"name\":\"Vesam\",\"item\":\"https:\\\/\\\/www.vesamgroup.com\\\/en\\\/vesam\\\/\"},{\"@type\":\"ListItem\",\"position\":3,\"name\":\"Research, development and innovation\"}]},{\"@type\":\"WebSite\",\"@id\":\"https:\\\/\\\/www.vesamgroup.com\\\/en\\\/#website\",\"url\":\"https:\\\/\\\/www.vesamgroup.com\\\/en\\\/\",\"name\":\"VESAM\",\"description\":\"Pioneiros a criar solu\u00e7\u00f5es integradas e inovadoras em estruturas met\u00e1licas e mistas.\",\"publisher\":{\"@id\":\"https:\\\/\\\/www.vesamgroup.com\\\/en\\\/#organization\"},\"potentialAction\":[{\"@type\":\"SearchAction\",\"target\":{\"@type\":\"EntryPoint\",\"urlTemplate\":\"https:\\\/\\\/www.vesamgroup.com\\\/en\\\/?s={search_term_string}\"},\"query-input\":{\"@type\":\"PropertyValueSpecification\",\"valueRequired\":true,\"valueName\":\"search_term_string\"}}],\"inLanguage\":\"en-US\"},{\"@type\":\"Organization\",\"@id\":\"https:\\\/\\\/www.vesamgroup.com\\\/en\\\/#organization\",\"name\":\"Vesam\",\"url\":\"https:\\\/\\\/www.vesamgroup.com\\\/en\\\/\",\"logo\":{\"@type\":\"ImageObject\",\"inLanguage\":\"en-US\",\"@id\":\"https:\\\/\\\/www.vesamgroup.com\\\/en\\\/#\\\/schema\\\/logo\\\/image\\\/\",\"url\":\"https:\\\/\\\/www.vesamgroup.com\\\/wp-content\\\/uploads\\\/2021\\\/04\\\/VESAM-Logo.png\",\"contentUrl\":\"https:\\\/\\\/www.vesamgroup.com\\\/wp-content\\\/uploads\\\/2021\\\/04\\\/VESAM-Logo.png\",\"width\":243,\"height\":90,\"caption\":\"Vesam\"},\"image\":{\"@id\":\"https:\\\/\\\/www.vesamgroup.com\\\/en\\\/#\\\/schema\\\/logo\\\/image\\\/\"}}]}<\/script>\n<!-- \/ Yoast SEO plugin. -->","yoast_head_json":{"title":"Investiga\u00e7\u00e3o desenvolvimento e inova\u00e7\u00e3o - VESAM","description":"Investiga\u00e7\u00e3o desenvolvimento e inova\u00e7\u00e3o \u00c1REA ESTRAT\u00c9GICA PARA O SUCESSO E AFIRMA\u00c7\u00c3O DO GRUPO VESAM NO MERCADO GLOBAL","robots":{"index":"index","follow":"follow","max-snippet":"max-snippet:-1","max-image-preview":"max-image-preview:large","max-video-preview":"max-video-preview:-1"},"canonical":"https:\/\/www.vesamgroup.com\/en\/vesam\/research-development-and-innovation\/","og_locale":"en_US","og_type":"article","og_title":"Investiga\u00e7\u00e3o desenvolvimento e inova\u00e7\u00e3o - VESAM","og_description":"Investiga\u00e7\u00e3o desenvolvimento e inova\u00e7\u00e3o \u00c1REA ESTRAT\u00c9GICA PARA O SUCESSO E AFIRMA\u00c7\u00c3O DO GRUPO VESAM NO MERCADO GLOBAL","og_url":"https:\/\/www.vesamgroup.com\/en\/vesam\/research-development-and-innovation\/","og_site_name":"VESAM","article_modified_time":"2026-02-09T18:05:32+00:00","og_image":[{"url":"https:\/\/www.vesamgroup.com\/wp-content\/uploads\/2021\/07\/componente_2_en.png","type":"","width":"","height":""}],"twitter_card":"summary_large_image","twitter_misc":{"Est. reading time":"2 minutes"},"schema":{"@context":"https:\/\/schema.org","@graph":[{"@type":"WebPage","@id":"https:\/\/www.vesamgroup.com\/en\/vesam\/research-development-and-innovation\/","url":"https:\/\/www.vesamgroup.com\/en\/vesam\/research-development-and-innovation\/","name":"Investiga\u00e7\u00e3o desenvolvimento e inova\u00e7\u00e3o - VESAM","isPartOf":{"@id":"https:\/\/www.vesamgroup.com\/en\/#website"},"primaryImageOfPage":{"@id":"https:\/\/www.vesamgroup.com\/en\/vesam\/research-development-and-innovation\/#primaryimage"},"image":{"@id":"https:\/\/www.vesamgroup.com\/en\/vesam\/research-development-and-innovation\/#primaryimage"},"thumbnailUrl":"https:\/\/www.vesamgroup.com\/wp-content\/uploads\/2021\/07\/componente_2_en.png","datePublished":"2021-04-23T11:53:03+00:00","dateModified":"2026-02-09T18:05:32+00:00","description":"Investiga\u00e7\u00e3o desenvolvimento e inova\u00e7\u00e3o \u00c1REA ESTRAT\u00c9GICA PARA O SUCESSO E AFIRMA\u00c7\u00c3O DO GRUPO VESAM NO MERCADO GLOBAL","breadcrumb":{"@id":"https:\/\/www.vesamgroup.com\/en\/vesam\/research-development-and-innovation\/#breadcrumb"},"inLanguage":"en-US","potentialAction":[{"@type":"ReadAction","target":["https:\/\/www.vesamgroup.com\/en\/vesam\/research-development-and-innovation\/"]}]},{"@type":"ImageObject","inLanguage":"en-US","@id":"https:\/\/www.vesamgroup.com\/en\/vesam\/research-development-and-innovation\/#primaryimage","url":"https:\/\/www.vesamgroup.com\/wp-content\/uploads\/2021\/07\/componente_2_en.png","contentUrl":"https:\/\/www.vesamgroup.com\/wp-content\/uploads\/2021\/07\/componente_2_en.png"},{"@type":"BreadcrumbList","@id":"https:\/\/www.vesamgroup.com\/en\/vesam\/research-development-and-innovation\/#breadcrumb","itemListElement":[{"@type":"ListItem","position":1,"name":"Home","item":"https:\/\/www.vesamgroup.com\/en\/"},{"@type":"ListItem","position":2,"name":"Vesam","item":"https:\/\/www.vesamgroup.com\/en\/vesam\/"},{"@type":"ListItem","position":3,"name":"Research, development and innovation"}]},{"@type":"WebSite","@id":"https:\/\/www.vesamgroup.com\/en\/#website","url":"https:\/\/www.vesamgroup.com\/en\/","name":"VESAM","description":"Pioneiros a criar solu\u00e7\u00f5es integradas e inovadoras em estruturas met\u00e1licas e mistas.","publisher":{"@id":"https:\/\/www.vesamgroup.com\/en\/#organization"},"potentialAction":[{"@type":"SearchAction","target":{"@type":"EntryPoint","urlTemplate":"https:\/\/www.vesamgroup.com\/en\/?s={search_term_string}"},"query-input":{"@type":"PropertyValueSpecification","valueRequired":true,"valueName":"search_term_string"}}],"inLanguage":"en-US"},{"@type":"Organization","@id":"https:\/\/www.vesamgroup.com\/en\/#organization","name":"Vesam","url":"https:\/\/www.vesamgroup.com\/en\/","logo":{"@type":"ImageObject","inLanguage":"en-US","@id":"https:\/\/www.vesamgroup.com\/en\/#\/schema\/logo\/image\/","url":"https:\/\/www.vesamgroup.com\/wp-content\/uploads\/2021\/04\/VESAM-Logo.png","contentUrl":"https:\/\/www.vesamgroup.com\/wp-content\/uploads\/2021\/04\/VESAM-Logo.png","width":243,"height":90,"caption":"Vesam"},"image":{"@id":"https:\/\/www.vesamgroup.com\/en\/#\/schema\/logo\/image\/"}}]}},"_links":{"self":[{"href":"https:\/\/www.vesamgroup.com\/en\/wp-json\/wp\/v2\/pages\/10938","targetHints":{"allow":["GET"]}}],"collection":[{"href":"https:\/\/www.vesamgroup.com\/en\/wp-json\/wp\/v2\/pages"}],"about":[{"href":"https:\/\/www.vesamgroup.com\/en\/wp-json\/wp\/v2\/types\/page"}],"author":[{"embeddable":true,"href":"https:\/\/www.vesamgroup.com\/en\/wp-json\/wp\/v2\/users\/1"}],"replies":[{"embeddable":true,"href":"https:\/\/www.vesamgroup.com\/en\/wp-json\/wp\/v2\/comments?post=10938"}],"version-history":[{"count":10,"href":"https:\/\/www.vesamgroup.com\/en\/wp-json\/wp\/v2\/pages\/10938\/revisions"}],"predecessor-version":[{"id":21782,"href":"https:\/\/www.vesamgroup.com\/en\/wp-json\/wp\/v2\/pages\/10938\/revisions\/21782"}],"up":[{"embeddable":true,"href":"https:\/\/www.vesamgroup.com\/en\/wp-json\/wp\/v2\/pages\/10426"}],"wp:attachment":[{"href":"https:\/\/www.vesamgroup.com\/en\/wp-json\/wp\/v2\/media?parent=10938"}],"curies":[{"name":"wp","href":"https:\/\/api.w.org\/{rel}","templated":true}]}}