{"id":10943,"date":"2021-04-23T11:57:03","date_gmt":"2021-04-23T11:57:03","guid":{"rendered":"https:\/\/www.vesamgroup.com\/a-vesam\/qualidade\/"},"modified":"2021-10-04T09:42:55","modified_gmt":"2021-10-04T09:42:55","slug":"quality","status":"publish","type":"page","link":"https:\/\/www.vesamgroup.com\/en\/vesam\/quality\/","title":{"rendered":"Quality"},"content":{"rendered":"\t\t<div data-elementor-type=\"wp-page\" data-elementor-id=\"10943\" class=\"elementor elementor-10943\">\n\t\t\t\t\t\t<section class=\"elementor-section elementor-top-section elementor-element elementor-element-4caa65f elementor-section-boxed elementor-section-height-default elementor-section-height-default qodef-elementor-content-no\" data-id=\"4caa65f\" data-element_type=\"section\">\n\t\t\t\t\t\t<div class=\"elementor-container elementor-column-gap-default\">\n\t\t\t\t\t<div class=\"elementor-column elementor-col-100 elementor-top-column elementor-element elementor-element-09a63fd\" data-id=\"09a63fd\" data-element_type=\"column\">\n\t\t\t<div class=\"elementor-widget-wrap elementor-element-populated\">\n\t\t\t\t\t\t<div class=\"elementor-element elementor-element-6643452 elementor-widget elementor-widget-heading\" data-id=\"6643452\" data-element_type=\"widget\" data-widget_type=\"heading.default\">\n\t\t\t\t<div class=\"elementor-widget-container\">\n\t\t\t<h2 class=\"elementor-heading-title elementor-size-default\">VESAM quality<\/h2>\t\t<\/div>\n\t\t\t\t<\/div>\n\t\t\t\t<div class=\"elementor-element elementor-element-2e3bf60 elementor-widget elementor-widget-text-editor\" data-id=\"2e3bf60\" data-element_type=\"widget\" data-widget_type=\"text-editor.default\">\n\t\t\t\t<div class=\"elementor-widget-container\">\n\t\t\t\t\t\t\t<p>The VESAM method guarantees the homogeneity of the parts produced by the different manufacturers.<\/p><p>We are committed to quality planning, capable of comprehensively covering all aspects of manufacturing, from cutting processes, through assembly and welding, to surface finish criteria.<\/p><p>We continuously invest in the training, skills development and quality systems of our partners.<\/p><p>Quality control is guaranteed by Self-Checking and Inspection, involving the manufacturer and our field inspectors. Control records are continuously uploaded to a digital platform for customer access.<\/p><p>This method consolidates the quality of our product, which is our brand image.<\/p>\t\t\t\t\t\t<\/div>\n\t\t\t\t<\/div>\n\t\t\t\t<div class=\"elementor-element elementor-element-cb90323 elementor-widget elementor-widget-image\" data-id=\"cb90323\" data-element_type=\"widget\" data-widget_type=\"image.default\">\n\t\t\t\t<div class=\"elementor-widget-container\">\n\t\t\t\t\t\t\t\t\t\t\t\t\t<img fetchpriority=\"high\" decoding=\"async\" width=\"842\" height=\"595\" src=\"https:\/\/www.vesamgroup.com\/wp-content\/uploads\/2021\/10\/qualidade-EN.jpg\" class=\"attachment-large size-large wp-image-12294\" alt=\"\" srcset=\"https:\/\/www.vesamgroup.com\/wp-content\/uploads\/2021\/10\/qualidade-EN.jpg 842w, https:\/\/www.vesamgroup.com\/wp-content\/uploads\/2021\/10\/qualidade-EN-300x212.jpg 300w, https:\/\/www.vesamgroup.com\/wp-content\/uploads\/2021\/10\/qualidade-EN-768x543.jpg 768w\" sizes=\"(max-width: 842px) 100vw, 842px\" \/>\t\t\t\t\t\t\t\t\t\t\t\t\t<\/div>\n\t\t\t\t<\/div>\n\t\t\t\t\t<\/div>\n\t\t<\/div>\n\t\t\t\t\t<\/div>\n\t\t<\/section>\n\t\t\t\t<section class=\"elementor-section elementor-top-section elementor-element elementor-element-cd2307b certified-production-details elementor-section-boxed elementor-section-height-default elementor-section-height-default qodef-elementor-content-no\" data-id=\"cd2307b\" data-element_type=\"section\">\n\t\t\t\t\t\t<div class=\"elementor-container elementor-column-gap-default\">\n\t\t\t\t\t<div class=\"elementor-column elementor-col-50 elementor-top-column elementor-element elementor-element-7703488\" data-id=\"7703488\" data-element_type=\"column\" data-settings=\"{&quot;background_background&quot;:&quot;classic&quot;}\">\n\t\t\t<div class=\"elementor-widget-wrap elementor-element-populated\">\n\t\t\t\t\t\t<div class=\"elementor-element elementor-element-611ee7b elementor-widget elementor-widget-heading\" data-id=\"611ee7b\" data-element_type=\"widget\" data-widget_type=\"heading.default\">\n\t\t\t\t<div class=\"elementor-widget-container\">\n\t\t\t<h5 class=\"elementor-heading-title elementor-size-default\">Quality planning:<\/h5>\t\t<\/div>\n\t\t\t\t<\/div>\n\t\t\t\t<div class=\"elementor-element elementor-element-93f82b0 elementor-widget elementor-widget-text-editor\" data-id=\"93f82b0\" data-element_type=\"widget\" data-widget_type=\"text-editor.default\">\n\t\t\t\t<div class=\"elementor-widget-container\">\n\t\t\t\t\t\t\t<strong>General specs:<\/strong>\n<ul>\n \t<li>Execution class<\/li>\n \t<li>Inspection and test plan<\/li>\n<li>Welding Book<\/li>\n<li>Safety Plan<\/li>\n<li>Environmental policy<\/li>\n<\/ul>\t\t\t\t\t\t<\/div>\n\t\t\t\t<\/div>\n\t\t\t\t\t<\/div>\n\t\t<\/div>\n\t\t\t\t<div class=\"elementor-column elementor-col-50 elementor-top-column elementor-element elementor-element-a3de70a elementor-hidden-tablet elementor-hidden-phone\" data-id=\"a3de70a\" data-element_type=\"column\" data-settings=\"{&quot;background_background&quot;:&quot;slideshow&quot;,&quot;background_slideshow_gallery&quot;:[{&quot;id&quot;:5534,&quot;url&quot;:&quot;https:\\\/\\\/www.vesamgroup.com\\\/wp-content\\\/uploads\\\/2021\\\/04\\\/candidatura-espontanea.jpg&quot;}],&quot;background_slideshow_loop&quot;:&quot;yes&quot;,&quot;background_slideshow_slide_duration&quot;:5000,&quot;background_slideshow_slide_transition&quot;:&quot;fade&quot;,&quot;background_slideshow_transition_duration&quot;:500}\">\n\t\t\t<div class=\"elementor-widget-wrap\">\n\t\t\t\t\t\t\t<\/div>\n\t\t<\/div>\n\t\t\t\t<div class=\"elementor-column elementor-col-100 elementor-top-column elementor-element elementor-element-895fe37\" data-id=\"895fe37\" data-element_type=\"column\" data-settings=\"{&quot;background_background&quot;:&quot;classic&quot;}\">\n\t\t\t<div class=\"elementor-widget-wrap elementor-element-populated\">\n\t\t\t\t\t\t<div class=\"elementor-element elementor-element-d216f3f elementor-widget elementor-widget-heading\" data-id=\"d216f3f\" data-element_type=\"widget\" data-widget_type=\"heading.default\">\n\t\t\t\t<div class=\"elementor-widget-container\">\n\t\t\t<h5 class=\"elementor-heading-title elementor-size-default\">Execution:<\/h5>\t\t<\/div>\n\t\t\t\t<\/div>\n\t\t\t\t<div class=\"elementor-element elementor-element-44b8f23 elementor-widget elementor-widget-text-editor\" data-id=\"44b8f23\" data-element_type=\"widget\" data-widget_type=\"text-editor.default\">\n\t\t\t\t<div class=\"elementor-widget-container\">\n\t\t\t\t\t\t\t<b>Work instructions:<\/b>\n<ul>\n \t<li>Positioning of parts for assembly;<\/li>\n \t<li>Self-checking procedures (frequency, measuring device);<\/li>\n \t<li>Registration procedures;<\/li>\n<\/ul>\n<b>Manufacturing Drawings:<\/b>\n<ul>\n \t<li>Manufacturing Drawings:<\/li>\n \t<li>Welding specifications<\/li>\n \t<li>Surface finish<\/li>\n<\/ul>\t\t\t\t\t\t<\/div>\n\t\t\t\t<\/div>\n\t\t\t\t\t<\/div>\n\t\t<\/div>\n\t\t\t\t\t<\/div>\n\t\t<\/section>\n\t\t\t\t<section class=\"elementor-section elementor-top-section elementor-element elementor-element-c5caf13 elementor-section-boxed elementor-section-height-default elementor-section-height-default qodef-elementor-content-no\" data-id=\"c5caf13\" data-element_type=\"section\">\n\t\t\t\t\t\t<div class=\"elementor-container elementor-column-gap-default\">\n\t\t\t\t\t<div class=\"elementor-column elementor-col-100 elementor-top-column elementor-element elementor-element-124a4b4\" data-id=\"124a4b4\" data-element_type=\"column\">\n\t\t\t<div class=\"elementor-widget-wrap elementor-element-populated\">\n\t\t\t\t\t\t<div class=\"elementor-element elementor-element-501c9b5 elementor-widget-divider--view-line elementor-widget elementor-widget-divider\" data-id=\"501c9b5\" data-element_type=\"widget\" data-widget_type=\"divider.default\">\n\t\t\t\t<div class=\"elementor-widget-container\">\n\t\t\t\t\t<div class=\"elementor-divider\">\n\t\t\t<span class=\"elementor-divider-separator\">\n\t\t\t\t\t\t<\/span>\n\t\t<\/div>\n\t\t\t\t<\/div>\n\t\t\t\t<\/div>\n\t\t\t\t\t<\/div>\n\t\t<\/div>\n\t\t\t\t\t<\/div>\n\t\t<\/section>\n\t\t\t\t<\/div>\n\t\t","protected":false},"excerpt":{"rendered":"<p>VESAM quality The VESAM method guarantees the homogeneity of the parts produced by the different manufacturers. We are committed to quality planning, capable of comprehensively covering all aspects of manufacturing, from cutting processes, through assembly and welding, to surface finish criteria. We continuously invest in the training, skills development and quality systems of our partners. [&hellip;]<\/p>\n","protected":false},"author":1,"featured_media":0,"parent":10426,"menu_order":0,"comment_status":"closed","ping_status":"closed","template":"page-full-width.php","meta":{"footnotes":""},"class_list":["post-10943","page","type-page","status-publish","hentry"],"yoast_head":"<!-- This site is optimized with the Yoast SEO plugin v27.5 - https:\/\/yoast.com\/product\/yoast-seo-wordpress\/ -->\n<title>Quality - VESAM<\/title>\n<meta name=\"description\" content=\"1\u00aa EMPRESA PORTUGUESA COM MARCA\u00c7\u00c3O CE NA EXECU\u00c7\u00c3O DE ESTRUTURAS DE A\u00c7O.\" \/>\n<meta name=\"robots\" content=\"index, follow, max-snippet:-1, max-image-preview:large, max-video-preview:-1\" \/>\n<link rel=\"canonical\" href=\"https:\/\/www.vesamgroup.com\/en\/vesam\/quality\/\" \/>\n<meta property=\"og:locale\" content=\"en_US\" \/>\n<meta property=\"og:type\" content=\"article\" \/>\n<meta property=\"og:title\" content=\"Quality - VESAM\" \/>\n<meta property=\"og:description\" content=\"1\u00aa EMPRESA PORTUGUESA COM MARCA\u00c7\u00c3O CE NA EXECU\u00c7\u00c3O DE ESTRUTURAS DE A\u00c7O.\" \/>\n<meta property=\"og:url\" content=\"https:\/\/www.vesamgroup.com\/en\/vesam\/quality\/\" \/>\n<meta property=\"og:site_name\" content=\"VESAM\" \/>\n<meta property=\"article:modified_time\" content=\"2021-10-04T09:42:55+00:00\" \/>\n<meta property=\"og:image\" content=\"https:\/\/www.vesamgroup.com\/wp-content\/uploads\/2021\/10\/qualidade-EN.jpg\" \/>\n<meta name=\"twitter:card\" content=\"summary_large_image\" \/>\n<meta name=\"twitter:label1\" content=\"Est. reading time\" \/>\n\t<meta name=\"twitter:data1\" content=\"1 minute\" \/>\n<script type=\"application\/ld+json\" class=\"yoast-schema-graph\">{\"@context\":\"https:\\\/\\\/schema.org\",\"@graph\":[{\"@type\":\"WebPage\",\"@id\":\"https:\\\/\\\/www.vesamgroup.com\\\/en\\\/vesam\\\/quality\\\/\",\"url\":\"https:\\\/\\\/www.vesamgroup.com\\\/en\\\/vesam\\\/quality\\\/\",\"name\":\"Quality - VESAM\",\"isPartOf\":{\"@id\":\"https:\\\/\\\/www.vesamgroup.com\\\/en\\\/#website\"},\"primaryImageOfPage\":{\"@id\":\"https:\\\/\\\/www.vesamgroup.com\\\/en\\\/vesam\\\/quality\\\/#primaryimage\"},\"image\":{\"@id\":\"https:\\\/\\\/www.vesamgroup.com\\\/en\\\/vesam\\\/quality\\\/#primaryimage\"},\"thumbnailUrl\":\"https:\\\/\\\/www.vesamgroup.com\\\/wp-content\\\/uploads\\\/2021\\\/10\\\/qualidade-EN.jpg\",\"datePublished\":\"2021-04-23T11:57:03+00:00\",\"dateModified\":\"2021-10-04T09:42:55+00:00\",\"description\":\"1\u00aa EMPRESA PORTUGUESA COM MARCA\u00c7\u00c3O CE NA EXECU\u00c7\u00c3O DE ESTRUTURAS DE A\u00c7O.\",\"breadcrumb\":{\"@id\":\"https:\\\/\\\/www.vesamgroup.com\\\/en\\\/vesam\\\/quality\\\/#breadcrumb\"},\"inLanguage\":\"en-US\",\"potentialAction\":[{\"@type\":\"ReadAction\",\"target\":[\"https:\\\/\\\/www.vesamgroup.com\\\/en\\\/vesam\\\/quality\\\/\"]}]},{\"@type\":\"ImageObject\",\"inLanguage\":\"en-US\",\"@id\":\"https:\\\/\\\/www.vesamgroup.com\\\/en\\\/vesam\\\/quality\\\/#primaryimage\",\"url\":\"https:\\\/\\\/www.vesamgroup.com\\\/wp-content\\\/uploads\\\/2021\\\/10\\\/qualidade-EN.jpg\",\"contentUrl\":\"https:\\\/\\\/www.vesamgroup.com\\\/wp-content\\\/uploads\\\/2021\\\/10\\\/qualidade-EN.jpg\"},{\"@type\":\"BreadcrumbList\",\"@id\":\"https:\\\/\\\/www.vesamgroup.com\\\/en\\\/vesam\\\/quality\\\/#breadcrumb\",\"itemListElement\":[{\"@type\":\"ListItem\",\"position\":1,\"name\":\"Home\",\"item\":\"https:\\\/\\\/www.vesamgroup.com\\\/en\\\/\"},{\"@type\":\"ListItem\",\"position\":2,\"name\":\"Vesam\",\"item\":\"https:\\\/\\\/www.vesamgroup.com\\\/en\\\/vesam\\\/\"},{\"@type\":\"ListItem\",\"position\":3,\"name\":\"Quality\"}]},{\"@type\":\"WebSite\",\"@id\":\"https:\\\/\\\/www.vesamgroup.com\\\/en\\\/#website\",\"url\":\"https:\\\/\\\/www.vesamgroup.com\\\/en\\\/\",\"name\":\"VESAM\",\"description\":\"Pioneiros a criar solu\u00e7\u00f5es integradas e inovadoras em estruturas met\u00e1licas e mistas.\",\"publisher\":{\"@id\":\"https:\\\/\\\/www.vesamgroup.com\\\/en\\\/#organization\"},\"potentialAction\":[{\"@type\":\"SearchAction\",\"target\":{\"@type\":\"EntryPoint\",\"urlTemplate\":\"https:\\\/\\\/www.vesamgroup.com\\\/en\\\/?s={search_term_string}\"},\"query-input\":{\"@type\":\"PropertyValueSpecification\",\"valueRequired\":true,\"valueName\":\"search_term_string\"}}],\"inLanguage\":\"en-US\"},{\"@type\":\"Organization\",\"@id\":\"https:\\\/\\\/www.vesamgroup.com\\\/en\\\/#organization\",\"name\":\"Vesam\",\"url\":\"https:\\\/\\\/www.vesamgroup.com\\\/en\\\/\",\"logo\":{\"@type\":\"ImageObject\",\"inLanguage\":\"en-US\",\"@id\":\"https:\\\/\\\/www.vesamgroup.com\\\/en\\\/#\\\/schema\\\/logo\\\/image\\\/\",\"url\":\"https:\\\/\\\/www.vesamgroup.com\\\/wp-content\\\/uploads\\\/2021\\\/04\\\/VESAM-Logo.png\",\"contentUrl\":\"https:\\\/\\\/www.vesamgroup.com\\\/wp-content\\\/uploads\\\/2021\\\/04\\\/VESAM-Logo.png\",\"width\":243,\"height\":90,\"caption\":\"Vesam\"},\"image\":{\"@id\":\"https:\\\/\\\/www.vesamgroup.com\\\/en\\\/#\\\/schema\\\/logo\\\/image\\\/\"}}]}<\/script>\n<!-- \/ Yoast SEO plugin. -->","yoast_head_json":{"title":"Quality - VESAM","description":"1\u00aa EMPRESA PORTUGUESA COM MARCA\u00c7\u00c3O CE NA EXECU\u00c7\u00c3O DE ESTRUTURAS DE A\u00c7O.","robots":{"index":"index","follow":"follow","max-snippet":"max-snippet:-1","max-image-preview":"max-image-preview:large","max-video-preview":"max-video-preview:-1"},"canonical":"https:\/\/www.vesamgroup.com\/en\/vesam\/quality\/","og_locale":"en_US","og_type":"article","og_title":"Quality - VESAM","og_description":"1\u00aa EMPRESA PORTUGUESA COM MARCA\u00c7\u00c3O CE NA EXECU\u00c7\u00c3O DE ESTRUTURAS DE A\u00c7O.","og_url":"https:\/\/www.vesamgroup.com\/en\/vesam\/quality\/","og_site_name":"VESAM","article_modified_time":"2021-10-04T09:42:55+00:00","og_image":[{"url":"https:\/\/www.vesamgroup.com\/wp-content\/uploads\/2021\/10\/qualidade-EN.jpg","type":"","width":"","height":""}],"twitter_card":"summary_large_image","twitter_misc":{"Est. reading time":"1 minute"},"schema":{"@context":"https:\/\/schema.org","@graph":[{"@type":"WebPage","@id":"https:\/\/www.vesamgroup.com\/en\/vesam\/quality\/","url":"https:\/\/www.vesamgroup.com\/en\/vesam\/quality\/","name":"Quality - VESAM","isPartOf":{"@id":"https:\/\/www.vesamgroup.com\/en\/#website"},"primaryImageOfPage":{"@id":"https:\/\/www.vesamgroup.com\/en\/vesam\/quality\/#primaryimage"},"image":{"@id":"https:\/\/www.vesamgroup.com\/en\/vesam\/quality\/#primaryimage"},"thumbnailUrl":"https:\/\/www.vesamgroup.com\/wp-content\/uploads\/2021\/10\/qualidade-EN.jpg","datePublished":"2021-04-23T11:57:03+00:00","dateModified":"2021-10-04T09:42:55+00:00","description":"1\u00aa EMPRESA PORTUGUESA COM MARCA\u00c7\u00c3O CE NA EXECU\u00c7\u00c3O DE ESTRUTURAS DE A\u00c7O.","breadcrumb":{"@id":"https:\/\/www.vesamgroup.com\/en\/vesam\/quality\/#breadcrumb"},"inLanguage":"en-US","potentialAction":[{"@type":"ReadAction","target":["https:\/\/www.vesamgroup.com\/en\/vesam\/quality\/"]}]},{"@type":"ImageObject","inLanguage":"en-US","@id":"https:\/\/www.vesamgroup.com\/en\/vesam\/quality\/#primaryimage","url":"https:\/\/www.vesamgroup.com\/wp-content\/uploads\/2021\/10\/qualidade-EN.jpg","contentUrl":"https:\/\/www.vesamgroup.com\/wp-content\/uploads\/2021\/10\/qualidade-EN.jpg"},{"@type":"BreadcrumbList","@id":"https:\/\/www.vesamgroup.com\/en\/vesam\/quality\/#breadcrumb","itemListElement":[{"@type":"ListItem","position":1,"name":"Home","item":"https:\/\/www.vesamgroup.com\/en\/"},{"@type":"ListItem","position":2,"name":"Vesam","item":"https:\/\/www.vesamgroup.com\/en\/vesam\/"},{"@type":"ListItem","position":3,"name":"Quality"}]},{"@type":"WebSite","@id":"https:\/\/www.vesamgroup.com\/en\/#website","url":"https:\/\/www.vesamgroup.com\/en\/","name":"VESAM","description":"Pioneiros a criar solu\u00e7\u00f5es integradas e inovadoras em estruturas met\u00e1licas e mistas.","publisher":{"@id":"https:\/\/www.vesamgroup.com\/en\/#organization"},"potentialAction":[{"@type":"SearchAction","target":{"@type":"EntryPoint","urlTemplate":"https:\/\/www.vesamgroup.com\/en\/?s={search_term_string}"},"query-input":{"@type":"PropertyValueSpecification","valueRequired":true,"valueName":"search_term_string"}}],"inLanguage":"en-US"},{"@type":"Organization","@id":"https:\/\/www.vesamgroup.com\/en\/#organization","name":"Vesam","url":"https:\/\/www.vesamgroup.com\/en\/","logo":{"@type":"ImageObject","inLanguage":"en-US","@id":"https:\/\/www.vesamgroup.com\/en\/#\/schema\/logo\/image\/","url":"https:\/\/www.vesamgroup.com\/wp-content\/uploads\/2021\/04\/VESAM-Logo.png","contentUrl":"https:\/\/www.vesamgroup.com\/wp-content\/uploads\/2021\/04\/VESAM-Logo.png","width":243,"height":90,"caption":"Vesam"},"image":{"@id":"https:\/\/www.vesamgroup.com\/en\/#\/schema\/logo\/image\/"}}]}},"_links":{"self":[{"href":"https:\/\/www.vesamgroup.com\/en\/wp-json\/wp\/v2\/pages\/10943","targetHints":{"allow":["GET"]}}],"collection":[{"href":"https:\/\/www.vesamgroup.com\/en\/wp-json\/wp\/v2\/pages"}],"about":[{"href":"https:\/\/www.vesamgroup.com\/en\/wp-json\/wp\/v2\/types\/page"}],"author":[{"embeddable":true,"href":"https:\/\/www.vesamgroup.com\/en\/wp-json\/wp\/v2\/users\/1"}],"replies":[{"embeddable":true,"href":"https:\/\/www.vesamgroup.com\/en\/wp-json\/wp\/v2\/comments?post=10943"}],"version-history":[{"count":10,"href":"https:\/\/www.vesamgroup.com\/en\/wp-json\/wp\/v2\/pages\/10943\/revisions"}],"predecessor-version":[{"id":12299,"href":"https:\/\/www.vesamgroup.com\/en\/wp-json\/wp\/v2\/pages\/10943\/revisions\/12299"}],"up":[{"embeddable":true,"href":"https:\/\/www.vesamgroup.com\/en\/wp-json\/wp\/v2\/pages\/10426"}],"wp:attachment":[{"href":"https:\/\/www.vesamgroup.com\/en\/wp-json\/wp\/v2\/media?parent=10943"}],"curies":[{"name":"wp","href":"https:\/\/api.w.org\/{rel}","templated":true}]}}