{"id":12871,"date":"2021-11-02T09:27:16","date_gmt":"2021-11-02T09:27:16","guid":{"rendered":"https:\/\/www.vesamgroup.com\/politica-de-qualidade\/"},"modified":"2025-08-18T08:39:55","modified_gmt":"2025-08-18T08:39:55","slug":"quality-policy","status":"publish","type":"page","link":"https:\/\/www.vesamgroup.com\/en\/quality-policy\/","title":{"rendered":"Quality policy"},"content":{"rendered":"\n<p>The management policy of VESAM SA is built around four main pillars:<\/p>\n\n\n\n<p><strong>1<\/strong>. Growth, and economic and financial sustainability of the organization, supported by the global market;<\/p>\n\n\n\n<p><strong>2<\/strong>. Technical and motivational development of human resources, with a strong belief in people;<\/p>\n\n\n\n<p><strong>3<\/strong>. Promotion of distinctive products and services, aimed at creating value in the steel structures market;<\/p>\n\n\n\n<p><strong>4<\/strong>. Strengthening customer relationships by delivering products of consistent quality that ensure their satisfaction and trust.<\/p>\n\n\n\n<div style=\"height:45px\" aria-hidden=\"true\" class=\"wp-block-spacer\"><\/div>\n\n\n\n<p>Thus, the intentions of VESAM SA are:<\/p>\n\n\n\n<ol class=\"wp-block-list\">\n<li><strong>To enhance the economic and financial sustainability of the organization <\/strong>through the optimization of the production process for different types of projects carried out in various markets, ensuring a reduction in total costs compared to the baseline projects and an increase in revenues by adding value to the initial solution.<\/li>\n\n\n\n<li><strong>To satisfy our clients<\/strong> and master the value chain of metalworking production (Design, Manufacturing, Assembly), providing more economical, reliable, and timely solutions, while giving the client the ability to monitor the different phases in the life cycle of a structure.<\/li>\n\n\n\n<li><strong>To foster the growth of technical knowledge and motivation within the organization<\/strong> through training, development, and knowledge sharing. Staff motivation will be encouraged through the establishment of goals and the creation of new challenges.<\/li>\n\n\n\n<li><strong>To strengthen the value of our products and existing know-how<\/strong> by achieving greater differentiation and innovation compared to key competitors, through the technical optimization of structural solutions and the integration of new technologies.<\/li>\n\n\n\n<li><strong>To promote consultation and participation of employees<\/strong>, ensuring they have the necessary skills and resources to improve health and safety at work, and thereby contribute to the organization\u2019s growth.<\/li>\n\n\n\n<li><strong>To ensure the continuous improvement of products and services<\/strong> through sustained RDI activities, as well as the systematization of project preparation and execution.<\/li>\n\n\n\n<li><strong>To promote and maintain the Integrated Management System (IMS) through its annual review<\/strong>, setting time-bound Goals and Objectives appropriate to each activity, in order to adequately monitor company performance and ensure compliance with applicable legal requirements and other commitments subscribed by VESAM.<\/li>\n\n\n\n<li><strong>To comply with all applicable legal and regulatory requirements<\/strong>, while ensuring best practices in Environment, Health, and Safety at work.<\/li>\n\n\n\n<li><strong>To rely on qualified Partners<\/strong> with strong performance, capable of meeting quality and occupational safety requirements.<\/li>\n\n\n\n<li><strong>To promote the organization\u2019s social and environmental responsibility<\/strong>, encouraging sustainable and ethical practices that contribute to the development of the communities where we operate, reinforcing VESAM SA\u2019s commitment to a more sustainable and responsible future.<\/li>\n<\/ol>\n\n\n\n<p><\/p>\n\n\n\n<p>July 24, 2025<br>The Board of Directors<br>VESAM, Engineering, SA<\/p>\n","protected":false},"excerpt":{"rendered":"<p>The management policy of VESAM SA is built around four main pillars: 1. Growth, and economic and financial sustainability of the organization, supported by the global market; 2. Technical and motivational development of human resources, with a strong belief in people; 3. Promotion of distinctive products and services, aimed at creating value in the steel [&hellip;]<\/p>\n","protected":false},"author":4,"featured_media":0,"parent":0,"menu_order":0,"comment_status":"closed","ping_status":"closed","template":"","meta":{"footnotes":""},"class_list":["post-12871","page","type-page","status-publish","hentry"],"yoast_head":"<!-- This site is optimized with the Yoast SEO plugin v27.5 - https:\/\/yoast.com\/product\/yoast-seo-wordpress\/ -->\n<title>Quality policy - VESAM<\/title>\n<meta name=\"robots\" content=\"index, follow, max-snippet:-1, max-image-preview:large, max-video-preview:-1\" \/>\n<link rel=\"canonical\" href=\"https:\/\/www.vesamgroup.com\/en\/quality-policy\/\" \/>\n<meta property=\"og:locale\" content=\"en_US\" \/>\n<meta property=\"og:type\" content=\"article\" \/>\n<meta property=\"og:title\" content=\"Quality policy - VESAM\" \/>\n<meta property=\"og:description\" content=\"The management policy of VESAM SA is built around four main pillars: 1. Growth, and economic and financial sustainability of the organization, supported by the global market; 2. Technical and motivational development of human resources, with a strong belief in people; 3. Promotion of distinctive products and services, aimed at creating value in the steel [&hellip;]\" \/>\n<meta property=\"og:url\" content=\"https:\/\/www.vesamgroup.com\/en\/quality-policy\/\" \/>\n<meta property=\"og:site_name\" content=\"VESAM\" \/>\n<meta property=\"article:modified_time\" content=\"2025-08-18T08:39:55+00:00\" \/>\n<meta property=\"og:image\" content=\"https:\/\/www.vesamgroup.com\/wp-content\/uploads\/2021\/07\/VESAM-Open-graph-image.jpg\" \/>\n\t<meta property=\"og:image:width\" content=\"1200\" \/>\n\t<meta property=\"og:image:height\" content=\"630\" \/>\n\t<meta property=\"og:image:type\" content=\"image\/jpeg\" \/>\n<meta name=\"twitter:card\" content=\"summary_large_image\" \/>\n<meta name=\"twitter:label1\" content=\"Est. reading time\" \/>\n\t<meta name=\"twitter:data1\" content=\"1 minute\" \/>\n<script type=\"application\/ld+json\" class=\"yoast-schema-graph\">{\"@context\":\"https:\\\/\\\/schema.org\",\"@graph\":[{\"@type\":\"WebPage\",\"@id\":\"https:\\\/\\\/www.vesamgroup.com\\\/en\\\/quality-policy\\\/\",\"url\":\"https:\\\/\\\/www.vesamgroup.com\\\/en\\\/quality-policy\\\/\",\"name\":\"Quality policy - VESAM\",\"isPartOf\":{\"@id\":\"https:\\\/\\\/www.vesamgroup.com\\\/en\\\/#website\"},\"datePublished\":\"2021-11-02T09:27:16+00:00\",\"dateModified\":\"2025-08-18T08:39:55+00:00\",\"breadcrumb\":{\"@id\":\"https:\\\/\\\/www.vesamgroup.com\\\/en\\\/quality-policy\\\/#breadcrumb\"},\"inLanguage\":\"en-US\",\"potentialAction\":[{\"@type\":\"ReadAction\",\"target\":[\"https:\\\/\\\/www.vesamgroup.com\\\/en\\\/quality-policy\\\/\"]}]},{\"@type\":\"BreadcrumbList\",\"@id\":\"https:\\\/\\\/www.vesamgroup.com\\\/en\\\/quality-policy\\\/#breadcrumb\",\"itemListElement\":[{\"@type\":\"ListItem\",\"position\":1,\"name\":\"Home\",\"item\":\"https:\\\/\\\/www.vesamgroup.com\\\/en\\\/\"},{\"@type\":\"ListItem\",\"position\":2,\"name\":\"Quality policy\"}]},{\"@type\":\"WebSite\",\"@id\":\"https:\\\/\\\/www.vesamgroup.com\\\/en\\\/#website\",\"url\":\"https:\\\/\\\/www.vesamgroup.com\\\/en\\\/\",\"name\":\"VESAM\",\"description\":\"Pioneiros a criar solu\u00e7\u00f5es integradas e inovadoras em estruturas met\u00e1licas e mistas.\",\"publisher\":{\"@id\":\"https:\\\/\\\/www.vesamgroup.com\\\/en\\\/#organization\"},\"potentialAction\":[{\"@type\":\"SearchAction\",\"target\":{\"@type\":\"EntryPoint\",\"urlTemplate\":\"https:\\\/\\\/www.vesamgroup.com\\\/en\\\/?s={search_term_string}\"},\"query-input\":{\"@type\":\"PropertyValueSpecification\",\"valueRequired\":true,\"valueName\":\"search_term_string\"}}],\"inLanguage\":\"en-US\"},{\"@type\":\"Organization\",\"@id\":\"https:\\\/\\\/www.vesamgroup.com\\\/en\\\/#organization\",\"name\":\"Vesam\",\"url\":\"https:\\\/\\\/www.vesamgroup.com\\\/en\\\/\",\"logo\":{\"@type\":\"ImageObject\",\"inLanguage\":\"en-US\",\"@id\":\"https:\\\/\\\/www.vesamgroup.com\\\/en\\\/#\\\/schema\\\/logo\\\/image\\\/\",\"url\":\"https:\\\/\\\/www.vesamgroup.com\\\/wp-content\\\/uploads\\\/2021\\\/04\\\/VESAM-Logo.png\",\"contentUrl\":\"https:\\\/\\\/www.vesamgroup.com\\\/wp-content\\\/uploads\\\/2021\\\/04\\\/VESAM-Logo.png\",\"width\":243,\"height\":90,\"caption\":\"Vesam\"},\"image\":{\"@id\":\"https:\\\/\\\/www.vesamgroup.com\\\/en\\\/#\\\/schema\\\/logo\\\/image\\\/\"}}]}<\/script>\n<!-- \/ Yoast SEO plugin. -->","yoast_head_json":{"title":"Quality policy - VESAM","robots":{"index":"index","follow":"follow","max-snippet":"max-snippet:-1","max-image-preview":"max-image-preview:large","max-video-preview":"max-video-preview:-1"},"canonical":"https:\/\/www.vesamgroup.com\/en\/quality-policy\/","og_locale":"en_US","og_type":"article","og_title":"Quality policy - VESAM","og_description":"The management policy of VESAM SA is built around four main pillars: 1. Growth, and economic and financial sustainability of the organization, supported by the global market; 2. Technical and motivational development of human resources, with a strong belief in people; 3. Promotion of distinctive products and services, aimed at creating value in the steel [&hellip;]","og_url":"https:\/\/www.vesamgroup.com\/en\/quality-policy\/","og_site_name":"VESAM","article_modified_time":"2025-08-18T08:39:55+00:00","og_image":[{"width":1200,"height":630,"url":"https:\/\/www.vesamgroup.com\/wp-content\/uploads\/2021\/07\/VESAM-Open-graph-image.jpg","type":"image\/jpeg"}],"twitter_card":"summary_large_image","twitter_misc":{"Est. reading time":"1 minute"},"schema":{"@context":"https:\/\/schema.org","@graph":[{"@type":"WebPage","@id":"https:\/\/www.vesamgroup.com\/en\/quality-policy\/","url":"https:\/\/www.vesamgroup.com\/en\/quality-policy\/","name":"Quality policy - VESAM","isPartOf":{"@id":"https:\/\/www.vesamgroup.com\/en\/#website"},"datePublished":"2021-11-02T09:27:16+00:00","dateModified":"2025-08-18T08:39:55+00:00","breadcrumb":{"@id":"https:\/\/www.vesamgroup.com\/en\/quality-policy\/#breadcrumb"},"inLanguage":"en-US","potentialAction":[{"@type":"ReadAction","target":["https:\/\/www.vesamgroup.com\/en\/quality-policy\/"]}]},{"@type":"BreadcrumbList","@id":"https:\/\/www.vesamgroup.com\/en\/quality-policy\/#breadcrumb","itemListElement":[{"@type":"ListItem","position":1,"name":"Home","item":"https:\/\/www.vesamgroup.com\/en\/"},{"@type":"ListItem","position":2,"name":"Quality policy"}]},{"@type":"WebSite","@id":"https:\/\/www.vesamgroup.com\/en\/#website","url":"https:\/\/www.vesamgroup.com\/en\/","name":"VESAM","description":"Pioneiros a criar solu\u00e7\u00f5es integradas e inovadoras em estruturas met\u00e1licas e mistas.","publisher":{"@id":"https:\/\/www.vesamgroup.com\/en\/#organization"},"potentialAction":[{"@type":"SearchAction","target":{"@type":"EntryPoint","urlTemplate":"https:\/\/www.vesamgroup.com\/en\/?s={search_term_string}"},"query-input":{"@type":"PropertyValueSpecification","valueRequired":true,"valueName":"search_term_string"}}],"inLanguage":"en-US"},{"@type":"Organization","@id":"https:\/\/www.vesamgroup.com\/en\/#organization","name":"Vesam","url":"https:\/\/www.vesamgroup.com\/en\/","logo":{"@type":"ImageObject","inLanguage":"en-US","@id":"https:\/\/www.vesamgroup.com\/en\/#\/schema\/logo\/image\/","url":"https:\/\/www.vesamgroup.com\/wp-content\/uploads\/2021\/04\/VESAM-Logo.png","contentUrl":"https:\/\/www.vesamgroup.com\/wp-content\/uploads\/2021\/04\/VESAM-Logo.png","width":243,"height":90,"caption":"Vesam"},"image":{"@id":"https:\/\/www.vesamgroup.com\/en\/#\/schema\/logo\/image\/"}}]}},"_links":{"self":[{"href":"https:\/\/www.vesamgroup.com\/en\/wp-json\/wp\/v2\/pages\/12871","targetHints":{"allow":["GET"]}}],"collection":[{"href":"https:\/\/www.vesamgroup.com\/en\/wp-json\/wp\/v2\/pages"}],"about":[{"href":"https:\/\/www.vesamgroup.com\/en\/wp-json\/wp\/v2\/types\/page"}],"author":[{"embeddable":true,"href":"https:\/\/www.vesamgroup.com\/en\/wp-json\/wp\/v2\/users\/4"}],"replies":[{"embeddable":true,"href":"https:\/\/www.vesamgroup.com\/en\/wp-json\/wp\/v2\/comments?post=12871"}],"version-history":[{"count":5,"href":"https:\/\/www.vesamgroup.com\/en\/wp-json\/wp\/v2\/pages\/12871\/revisions"}],"predecessor-version":[{"id":19651,"href":"https:\/\/www.vesamgroup.com\/en\/wp-json\/wp\/v2\/pages\/12871\/revisions\/19651"}],"wp:attachment":[{"href":"https:\/\/www.vesamgroup.com\/en\/wp-json\/wp\/v2\/media?parent=12871"}],"curies":[{"name":"wp","href":"https:\/\/api.w.org\/{rel}","templated":true}]}}