{"id":10944,"date":"2021-04-23T11:57:03","date_gmt":"2021-04-23T11:57:03","guid":{"rendered":"https:\/\/www.vesamgroup.com\/a-vesam\/qualidade\/"},"modified":"2021-10-04T09:43:30","modified_gmt":"2021-10-04T09:43:30","slug":"qualite","status":"publish","type":"page","link":"https:\/\/www.vesamgroup.com\/fr\/a-vesam\/qualite\/","title":{"rendered":"Qualit\u00e9"},"content":{"rendered":"\t\t<div data-elementor-type=\"wp-page\" data-elementor-id=\"10944\" class=\"elementor elementor-10944\">\n\t\t\t\t\t\t<section class=\"elementor-section elementor-top-section elementor-element elementor-element-4caa65f elementor-section-boxed elementor-section-height-default elementor-section-height-default qodef-elementor-content-no\" data-id=\"4caa65f\" data-element_type=\"section\">\n\t\t\t\t\t\t<div class=\"elementor-container elementor-column-gap-default\">\n\t\t\t\t\t<div class=\"elementor-column elementor-col-100 elementor-top-column elementor-element elementor-element-09a63fd\" data-id=\"09a63fd\" data-element_type=\"column\">\n\t\t\t<div class=\"elementor-widget-wrap elementor-element-populated\">\n\t\t\t\t\t\t<div class=\"elementor-element elementor-element-6643452 elementor-widget elementor-widget-heading\" data-id=\"6643452\" data-element_type=\"widget\" data-widget_type=\"heading.default\">\n\t\t\t\t<div class=\"elementor-widget-container\">\n\t\t\t\t\t<h2 class=\"elementor-heading-title elementor-size-default\">Qualit\u00e9 VESAM<\/h2>\t\t\t\t<\/div>\n\t\t\t\t<\/div>\n\t\t\t\t<div class=\"elementor-element elementor-element-2e3bf60 elementor-widget elementor-widget-text-editor\" data-id=\"2e3bf60\" data-element_type=\"widget\" data-widget_type=\"text-editor.default\">\n\t\t\t\t<div class=\"elementor-widget-container\">\n\t\t\t\t\t\t\t\t\t<p>La m\u00e9thode VESAM garantit l&rsquo;homog\u00e9n\u00e9it\u00e9 des pi\u00e8ces produites par les diff\u00e9rents fabricants.<br \/>Nous nous engageons \u00e0 une planification de la qualit\u00e9, capable de couvrir de mani\u00e8re exhaustive tous les aspects de la fabrication, des processus de d\u00e9coupage, en passant par l&rsquo;assemblage et soudage, jusqu&rsquo;aux crit\u00e8res de finition de surface.<\/p><p><span style=\"font-weight: var( --e-global-typography-text-font-weight );\">Nous investissons continuellement dans la formation, le d\u00e9veloppement des comp\u00e9tences et les syst\u00e8mes qualit\u00e9 de nos partenaires.<\/span><\/p><p><span style=\"font-weight: var( --e-global-typography-text-font-weight );\">Le contr\u00f4le qualit\u00e9 est garanti par le bin\u00f4me Autocontr\u00f4le + Inspection, impliquant le fabricant et nos inspecteurs de terrain. Les enregistrements de contr\u00f4le sont t\u00e9l\u00e9charg\u00e9s en permanence sur une plate-forme num\u00e9rique pour l&rsquo;acc\u00e8s des clients.<\/span><\/p><p><span style=\"font-weight: var( --e-global-typography-text-font-weight );\">Cette m\u00e9thode consolide la qualit\u00e9 de notre produit, qui est notre image de marque.<\/span><\/p>\t\t\t\t\t\t\t\t<\/div>\n\t\t\t\t<\/div>\n\t\t\t\t<div class=\"elementor-element elementor-element-cb90323 elementor-widget elementor-widget-image\" data-id=\"cb90323\" data-element_type=\"widget\" data-widget_type=\"image.default\">\n\t\t\t\t<div class=\"elementor-widget-container\">\n\t\t\t\t\t\t\t\t\t\t\t\t\t\t\t<img fetchpriority=\"high\" decoding=\"async\" width=\"842\" height=\"595\" src=\"https:\/\/www.vesamgroup.com\/wp-content\/uploads\/2021\/10\/qualidade-FR.jpg\" class=\"attachment-large size-large wp-image-12300\" alt=\"\" srcset=\"https:\/\/www.vesamgroup.com\/wp-content\/uploads\/2021\/10\/qualidade-FR.jpg 842w, https:\/\/www.vesamgroup.com\/wp-content\/uploads\/2021\/10\/qualidade-FR-300x212.jpg 300w, https:\/\/www.vesamgroup.com\/wp-content\/uploads\/2021\/10\/qualidade-FR-768x543.jpg 768w\" sizes=\"(max-width: 842px) 100vw, 842px\" \/>\t\t\t\t\t\t\t\t\t\t\t\t\t\t\t<\/div>\n\t\t\t\t<\/div>\n\t\t\t\t\t<\/div>\n\t\t<\/div>\n\t\t\t\t\t<\/div>\n\t\t<\/section>\n\t\t\t\t<section class=\"elementor-section elementor-top-section elementor-element elementor-element-cd2307b certified-production-details elementor-section-boxed elementor-section-height-default elementor-section-height-default qodef-elementor-content-no\" data-id=\"cd2307b\" data-element_type=\"section\">\n\t\t\t\t\t\t<div class=\"elementor-container elementor-column-gap-default\">\n\t\t\t\t\t<div class=\"elementor-column elementor-col-50 elementor-top-column elementor-element elementor-element-7703488\" data-id=\"7703488\" data-element_type=\"column\" data-settings=\"{&quot;background_background&quot;:&quot;classic&quot;}\">\n\t\t\t<div class=\"elementor-widget-wrap elementor-element-populated\">\n\t\t\t\t\t\t<div class=\"elementor-element elementor-element-611ee7b elementor-widget elementor-widget-heading\" data-id=\"611ee7b\" data-element_type=\"widget\" data-widget_type=\"heading.default\">\n\t\t\t\t<div class=\"elementor-widget-container\">\n\t\t\t\t\t<h5 class=\"elementor-heading-title elementor-size-default\">Planification de la qualit\u00e9\u00a0:\n\u200b<\/h5>\t\t\t\t<\/div>\n\t\t\t\t<\/div>\n\t\t\t\t<div class=\"elementor-element elementor-element-93f82b0 elementor-widget elementor-widget-text-editor\" data-id=\"93f82b0\" data-element_type=\"widget\" data-widget_type=\"text-editor.default\">\n\t\t\t\t<div class=\"elementor-widget-container\">\n\t\t\t\t\t\t\t\t\t<strong>Sp\u00e9cifications g\u00e9n\u00e9rales:<\/strong>\n<ul>\n \t<li>Classe d&rsquo;ex\u00e9cution<\/li>\n \t<li>Plan d&rsquo;inspection et d&rsquo;essai<\/li>\n \t<li>Cahier de Soudage<\/li>\n \t<li>Plan de S\u00e9curit\u00e9<\/li>\n \t<li>Politique environnementale<\/li>\n<\/ul>\t\t\t\t\t\t\t\t<\/div>\n\t\t\t\t<\/div>\n\t\t\t\t\t<\/div>\n\t\t<\/div>\n\t\t\t\t<div class=\"elementor-column elementor-col-50 elementor-top-column elementor-element elementor-element-a3de70a elementor-hidden-tablet elementor-hidden-phone\" data-id=\"a3de70a\" data-element_type=\"column\" data-settings=\"{&quot;background_background&quot;:&quot;slideshow&quot;,&quot;background_slideshow_gallery&quot;:[{&quot;id&quot;:5534,&quot;url&quot;:&quot;https:\\\/\\\/www.vesamgroup.com\\\/wp-content\\\/uploads\\\/2021\\\/04\\\/candidatura-espontanea.jpg&quot;}],&quot;background_slideshow_loop&quot;:&quot;yes&quot;,&quot;background_slideshow_slide_duration&quot;:5000,&quot;background_slideshow_slide_transition&quot;:&quot;fade&quot;,&quot;background_slideshow_transition_duration&quot;:500}\">\n\t\t\t<div class=\"elementor-widget-wrap\">\n\t\t\t\t\t\t\t<\/div>\n\t\t<\/div>\n\t\t\t\t<div class=\"elementor-column elementor-col-100 elementor-top-column elementor-element elementor-element-895fe37\" data-id=\"895fe37\" data-element_type=\"column\" data-settings=\"{&quot;background_background&quot;:&quot;classic&quot;}\">\n\t\t\t<div class=\"elementor-widget-wrap elementor-element-populated\">\n\t\t\t\t\t\t<div class=\"elementor-element elementor-element-d216f3f elementor-widget elementor-widget-heading\" data-id=\"d216f3f\" data-element_type=\"widget\" data-widget_type=\"heading.default\">\n\t\t\t\t<div class=\"elementor-widget-container\">\n\t\t\t\t\t<h5 class=\"elementor-heading-title elementor-size-default\">Ex\u00e9cution<\/h5>\t\t\t\t<\/div>\n\t\t\t\t<\/div>\n\t\t\t\t<div class=\"elementor-element elementor-element-44b8f23 elementor-widget elementor-widget-text-editor\" data-id=\"44b8f23\" data-element_type=\"widget\" data-widget_type=\"text-editor.default\">\n\t\t\t\t<div class=\"elementor-widget-container\">\n\t\t\t\t\t\t\t\t\t<b>Instructions de travail:<\/b>\n<ul>\n \t<li>Positionnement des pi\u00e8ces;<\/li>\n \t<li>Proc\u00e9dures d&rsquo;autocontr\u00f4le (fr\u00e9quence, appareil de mesure);<\/li>\n \t<li>Proc\u00e9dures d&rsquo;enregistrement;<\/li>\n<\/ul>\n<b>Plans de fabrication\u00a0:<\/b>\n<ul>\n \t<li>Tol\u00e9rances dimensionnelles;<\/li>\n \t<li>Sp\u00e9cifications de soudage;<\/li>\n \t<li>Finition de surface.<\/li>\n<\/ul>\t\t\t\t\t\t\t\t<\/div>\n\t\t\t\t<\/div>\n\t\t\t\t\t<\/div>\n\t\t<\/div>\n\t\t\t\t\t<\/div>\n\t\t<\/section>\n\t\t\t\t<section class=\"elementor-section elementor-top-section elementor-element elementor-element-c5caf13 elementor-section-boxed elementor-section-height-default elementor-section-height-default qodef-elementor-content-no\" data-id=\"c5caf13\" data-element_type=\"section\">\n\t\t\t\t\t\t<div class=\"elementor-container elementor-column-gap-default\">\n\t\t\t\t\t<div class=\"elementor-column elementor-col-100 elementor-top-column elementor-element elementor-element-124a4b4\" data-id=\"124a4b4\" data-element_type=\"column\">\n\t\t\t<div class=\"elementor-widget-wrap elementor-element-populated\">\n\t\t\t\t\t\t<div class=\"elementor-element elementor-element-501c9b5 elementor-widget-divider--view-line elementor-widget elementor-widget-divider\" data-id=\"501c9b5\" data-element_type=\"widget\" data-widget_type=\"divider.default\">\n\t\t\t\t<div class=\"elementor-widget-container\">\n\t\t\t\t\t\t\t<div class=\"elementor-divider\">\n\t\t\t<span class=\"elementor-divider-separator\">\n\t\t\t\t\t\t<\/span>\n\t\t<\/div>\n\t\t\t\t\t\t<\/div>\n\t\t\t\t<\/div>\n\t\t\t\t\t<\/div>\n\t\t<\/div>\n\t\t\t\t\t<\/div>\n\t\t<\/section>\n\t\t\t\t<\/div>\n\t\t","protected":false},"excerpt":{"rendered":"<p>Qualit\u00e9 VESAM La m\u00e9thode VESAM garantit l&rsquo;homog\u00e9n\u00e9it\u00e9 des pi\u00e8ces produites par les diff\u00e9rents fabricants.Nous nous engageons \u00e0 une planification de la qualit\u00e9, capable de couvrir de mani\u00e8re exhaustive tous les aspects de la fabrication, des processus de d\u00e9coupage, en passant par l&rsquo;assemblage et soudage, jusqu&rsquo;aux crit\u00e8res de finition de surface. Nous investissons continuellement dans la [&hellip;]<\/p>\n","protected":false},"author":1,"featured_media":0,"parent":10427,"menu_order":0,"comment_status":"closed","ping_status":"closed","template":"page-full-width.php","meta":{"footnotes":""},"class_list":["post-10944","page","type-page","status-publish","hentry"],"yoast_head":"<!-- This site is optimized with the Yoast SEO plugin v27.5 - https:\/\/yoast.com\/product\/yoast-seo-wordpress\/ -->\n<title>Qualit\u00e9 - VESAM<\/title>\n<meta name=\"description\" content=\"1\u00aa EMPRESA PORTUGUESA COM MARCA\u00c7\u00c3O CE NA EXECU\u00c7\u00c3O DE ESTRUTURAS DE A\u00c7O.\" \/>\n<meta name=\"robots\" content=\"index, follow, max-snippet:-1, max-image-preview:large, max-video-preview:-1\" \/>\n<link rel=\"canonical\" href=\"https:\/\/www.vesamgroup.com\/fr\/a-vesam\/qualite\/\" \/>\n<meta property=\"og:locale\" content=\"fr_FR\" \/>\n<meta property=\"og:type\" content=\"article\" \/>\n<meta property=\"og:title\" content=\"Qualit\u00e9 - VESAM\" \/>\n<meta property=\"og:description\" content=\"1\u00aa EMPRESA PORTUGUESA COM MARCA\u00c7\u00c3O CE NA EXECU\u00c7\u00c3O DE ESTRUTURAS DE A\u00c7O.\" \/>\n<meta property=\"og:url\" content=\"https:\/\/www.vesamgroup.com\/fr\/a-vesam\/qualite\/\" \/>\n<meta property=\"og:site_name\" content=\"VESAM\" \/>\n<meta property=\"article:modified_time\" content=\"2021-10-04T09:43:30+00:00\" \/>\n<meta property=\"og:image\" content=\"https:\/\/www.vesamgroup.com\/wp-content\/uploads\/2021\/10\/qualidade-FR.jpg\" \/>\n<meta name=\"twitter:card\" content=\"summary_large_image\" \/>\n<meta name=\"twitter:label1\" content=\"Dur\u00e9e de lecture estim\u00e9e\" \/>\n\t<meta name=\"twitter:data1\" content=\"1 minute\" \/>\n<script type=\"application\/ld+json\" class=\"yoast-schema-graph\">{\"@context\":\"https:\\\/\\\/schema.org\",\"@graph\":[{\"@type\":\"WebPage\",\"@id\":\"https:\\\/\\\/www.vesamgroup.com\\\/fr\\\/a-vesam\\\/qualite\\\/\",\"url\":\"https:\\\/\\\/www.vesamgroup.com\\\/fr\\\/a-vesam\\\/qualite\\\/\",\"name\":\"Qualit\u00e9 - VESAM\",\"isPartOf\":{\"@id\":\"https:\\\/\\\/www.vesamgroup.com\\\/fr\\\/#website\"},\"primaryImageOfPage\":{\"@id\":\"https:\\\/\\\/www.vesamgroup.com\\\/fr\\\/a-vesam\\\/qualite\\\/#primaryimage\"},\"image\":{\"@id\":\"https:\\\/\\\/www.vesamgroup.com\\\/fr\\\/a-vesam\\\/qualite\\\/#primaryimage\"},\"thumbnailUrl\":\"https:\\\/\\\/www.vesamgroup.com\\\/wp-content\\\/uploads\\\/2021\\\/10\\\/qualidade-FR.jpg\",\"datePublished\":\"2021-04-23T11:57:03+00:00\",\"dateModified\":\"2021-10-04T09:43:30+00:00\",\"description\":\"1\u00aa EMPRESA PORTUGUESA COM MARCA\u00c7\u00c3O CE NA EXECU\u00c7\u00c3O DE ESTRUTURAS DE A\u00c7O.\",\"breadcrumb\":{\"@id\":\"https:\\\/\\\/www.vesamgroup.com\\\/fr\\\/a-vesam\\\/qualite\\\/#breadcrumb\"},\"inLanguage\":\"fr-FR\",\"potentialAction\":[{\"@type\":\"ReadAction\",\"target\":[\"https:\\\/\\\/www.vesamgroup.com\\\/fr\\\/a-vesam\\\/qualite\\\/\"]}]},{\"@type\":\"ImageObject\",\"inLanguage\":\"fr-FR\",\"@id\":\"https:\\\/\\\/www.vesamgroup.com\\\/fr\\\/a-vesam\\\/qualite\\\/#primaryimage\",\"url\":\"https:\\\/\\\/www.vesamgroup.com\\\/wp-content\\\/uploads\\\/2021\\\/10\\\/qualidade-FR.jpg\",\"contentUrl\":\"https:\\\/\\\/www.vesamgroup.com\\\/wp-content\\\/uploads\\\/2021\\\/10\\\/qualidade-FR.jpg\"},{\"@type\":\"BreadcrumbList\",\"@id\":\"https:\\\/\\\/www.vesamgroup.com\\\/fr\\\/a-vesam\\\/qualite\\\/#breadcrumb\",\"itemListElement\":[{\"@type\":\"ListItem\",\"position\":1,\"name\":\"Home\",\"item\":\"https:\\\/\\\/www.vesamgroup.com\\\/fr\\\/\"},{\"@type\":\"ListItem\",\"position\":2,\"name\":\"La Vesam\",\"item\":\"https:\\\/\\\/www.vesamgroup.com\\\/fr\\\/a-vesam\\\/\"},{\"@type\":\"ListItem\",\"position\":3,\"name\":\"Qualit\u00e9\"}]},{\"@type\":\"WebSite\",\"@id\":\"https:\\\/\\\/www.vesamgroup.com\\\/fr\\\/#website\",\"url\":\"https:\\\/\\\/www.vesamgroup.com\\\/fr\\\/\",\"name\":\"VESAM\",\"description\":\"Pioneiros a criar solu\u00e7\u00f5es integradas e inovadoras em estruturas met\u00e1licas e mistas.\",\"publisher\":{\"@id\":\"https:\\\/\\\/www.vesamgroup.com\\\/fr\\\/#organization\"},\"potentialAction\":[{\"@type\":\"SearchAction\",\"target\":{\"@type\":\"EntryPoint\",\"urlTemplate\":\"https:\\\/\\\/www.vesamgroup.com\\\/fr\\\/?s={search_term_string}\"},\"query-input\":{\"@type\":\"PropertyValueSpecification\",\"valueRequired\":true,\"valueName\":\"search_term_string\"}}],\"inLanguage\":\"fr-FR\"},{\"@type\":\"Organization\",\"@id\":\"https:\\\/\\\/www.vesamgroup.com\\\/fr\\\/#organization\",\"name\":\"Vesam\",\"url\":\"https:\\\/\\\/www.vesamgroup.com\\\/fr\\\/\",\"logo\":{\"@type\":\"ImageObject\",\"inLanguage\":\"fr-FR\",\"@id\":\"https:\\\/\\\/www.vesamgroup.com\\\/fr\\\/#\\\/schema\\\/logo\\\/image\\\/\",\"url\":\"https:\\\/\\\/www.vesamgroup.com\\\/wp-content\\\/uploads\\\/2021\\\/04\\\/VESAM-Logo.png\",\"contentUrl\":\"https:\\\/\\\/www.vesamgroup.com\\\/wp-content\\\/uploads\\\/2021\\\/04\\\/VESAM-Logo.png\",\"width\":243,\"height\":90,\"caption\":\"Vesam\"},\"image\":{\"@id\":\"https:\\\/\\\/www.vesamgroup.com\\\/fr\\\/#\\\/schema\\\/logo\\\/image\\\/\"}}]}<\/script>\n<!-- \/ Yoast SEO plugin. -->","yoast_head_json":{"title":"Qualit\u00e9 - VESAM","description":"1\u00aa EMPRESA PORTUGUESA COM MARCA\u00c7\u00c3O CE NA EXECU\u00c7\u00c3O DE ESTRUTURAS DE A\u00c7O.","robots":{"index":"index","follow":"follow","max-snippet":"max-snippet:-1","max-image-preview":"max-image-preview:large","max-video-preview":"max-video-preview:-1"},"canonical":"https:\/\/www.vesamgroup.com\/fr\/a-vesam\/qualite\/","og_locale":"fr_FR","og_type":"article","og_title":"Qualit\u00e9 - VESAM","og_description":"1\u00aa EMPRESA PORTUGUESA COM MARCA\u00c7\u00c3O CE NA EXECU\u00c7\u00c3O DE ESTRUTURAS DE A\u00c7O.","og_url":"https:\/\/www.vesamgroup.com\/fr\/a-vesam\/qualite\/","og_site_name":"VESAM","article_modified_time":"2021-10-04T09:43:30+00:00","og_image":[{"url":"https:\/\/www.vesamgroup.com\/wp-content\/uploads\/2021\/10\/qualidade-FR.jpg","type":"","width":"","height":""}],"twitter_card":"summary_large_image","twitter_misc":{"Dur\u00e9e de lecture estim\u00e9e":"1 minute"},"schema":{"@context":"https:\/\/schema.org","@graph":[{"@type":"WebPage","@id":"https:\/\/www.vesamgroup.com\/fr\/a-vesam\/qualite\/","url":"https:\/\/www.vesamgroup.com\/fr\/a-vesam\/qualite\/","name":"Qualit\u00e9 - VESAM","isPartOf":{"@id":"https:\/\/www.vesamgroup.com\/fr\/#website"},"primaryImageOfPage":{"@id":"https:\/\/www.vesamgroup.com\/fr\/a-vesam\/qualite\/#primaryimage"},"image":{"@id":"https:\/\/www.vesamgroup.com\/fr\/a-vesam\/qualite\/#primaryimage"},"thumbnailUrl":"https:\/\/www.vesamgroup.com\/wp-content\/uploads\/2021\/10\/qualidade-FR.jpg","datePublished":"2021-04-23T11:57:03+00:00","dateModified":"2021-10-04T09:43:30+00:00","description":"1\u00aa EMPRESA PORTUGUESA COM MARCA\u00c7\u00c3O CE NA EXECU\u00c7\u00c3O DE ESTRUTURAS DE A\u00c7O.","breadcrumb":{"@id":"https:\/\/www.vesamgroup.com\/fr\/a-vesam\/qualite\/#breadcrumb"},"inLanguage":"fr-FR","potentialAction":[{"@type":"ReadAction","target":["https:\/\/www.vesamgroup.com\/fr\/a-vesam\/qualite\/"]}]},{"@type":"ImageObject","inLanguage":"fr-FR","@id":"https:\/\/www.vesamgroup.com\/fr\/a-vesam\/qualite\/#primaryimage","url":"https:\/\/www.vesamgroup.com\/wp-content\/uploads\/2021\/10\/qualidade-FR.jpg","contentUrl":"https:\/\/www.vesamgroup.com\/wp-content\/uploads\/2021\/10\/qualidade-FR.jpg"},{"@type":"BreadcrumbList","@id":"https:\/\/www.vesamgroup.com\/fr\/a-vesam\/qualite\/#breadcrumb","itemListElement":[{"@type":"ListItem","position":1,"name":"Home","item":"https:\/\/www.vesamgroup.com\/fr\/"},{"@type":"ListItem","position":2,"name":"La Vesam","item":"https:\/\/www.vesamgroup.com\/fr\/a-vesam\/"},{"@type":"ListItem","position":3,"name":"Qualit\u00e9"}]},{"@type":"WebSite","@id":"https:\/\/www.vesamgroup.com\/fr\/#website","url":"https:\/\/www.vesamgroup.com\/fr\/","name":"VESAM","description":"Pioneiros a criar solu\u00e7\u00f5es integradas e inovadoras em estruturas met\u00e1licas e mistas.","publisher":{"@id":"https:\/\/www.vesamgroup.com\/fr\/#organization"},"potentialAction":[{"@type":"SearchAction","target":{"@type":"EntryPoint","urlTemplate":"https:\/\/www.vesamgroup.com\/fr\/?s={search_term_string}"},"query-input":{"@type":"PropertyValueSpecification","valueRequired":true,"valueName":"search_term_string"}}],"inLanguage":"fr-FR"},{"@type":"Organization","@id":"https:\/\/www.vesamgroup.com\/fr\/#organization","name":"Vesam","url":"https:\/\/www.vesamgroup.com\/fr\/","logo":{"@type":"ImageObject","inLanguage":"fr-FR","@id":"https:\/\/www.vesamgroup.com\/fr\/#\/schema\/logo\/image\/","url":"https:\/\/www.vesamgroup.com\/wp-content\/uploads\/2021\/04\/VESAM-Logo.png","contentUrl":"https:\/\/www.vesamgroup.com\/wp-content\/uploads\/2021\/04\/VESAM-Logo.png","width":243,"height":90,"caption":"Vesam"},"image":{"@id":"https:\/\/www.vesamgroup.com\/fr\/#\/schema\/logo\/image\/"}}]}},"_links":{"self":[{"href":"https:\/\/www.vesamgroup.com\/fr\/wp-json\/wp\/v2\/pages\/10944","targetHints":{"allow":["GET"]}}],"collection":[{"href":"https:\/\/www.vesamgroup.com\/fr\/wp-json\/wp\/v2\/pages"}],"about":[{"href":"https:\/\/www.vesamgroup.com\/fr\/wp-json\/wp\/v2\/types\/page"}],"author":[{"embeddable":true,"href":"https:\/\/www.vesamgroup.com\/fr\/wp-json\/wp\/v2\/users\/1"}],"replies":[{"embeddable":true,"href":"https:\/\/www.vesamgroup.com\/fr\/wp-json\/wp\/v2\/comments?post=10944"}],"version-history":[{"count":10,"href":"https:\/\/www.vesamgroup.com\/fr\/wp-json\/wp\/v2\/pages\/10944\/revisions"}],"predecessor-version":[{"id":12305,"href":"https:\/\/www.vesamgroup.com\/fr\/wp-json\/wp\/v2\/pages\/10944\/revisions\/12305"}],"up":[{"embeddable":true,"href":"https:\/\/www.vesamgroup.com\/fr\/wp-json\/wp\/v2\/pages\/10427"}],"wp:attachment":[{"href":"https:\/\/www.vesamgroup.com\/fr\/wp-json\/wp\/v2\/media?parent=10944"}],"curies":[{"name":"wp","href":"https:\/\/api.w.org\/{rel}","templated":true}]}}