{"id":10949,"date":"2021-06-16T16:06:33","date_gmt":"2021-06-16T16:06:33","guid":{"rendered":"https:\/\/www.vesamgroup.com\/a-vesam\/seguranca\/"},"modified":"2021-07-16T11:31:56","modified_gmt":"2021-07-16T11:31:56","slug":"securite","status":"publish","type":"page","link":"https:\/\/www.vesamgroup.com\/fr\/a-vesam\/securite\/","title":{"rendered":"S\u00e9curit\u00e9"},"content":{"rendered":"\t\t<div data-elementor-type=\"wp-page\" data-elementor-id=\"10949\" class=\"elementor elementor-10949\">\n\t\t\t\t\t\t<section class=\"elementor-section elementor-top-section elementor-element elementor-element-c9322fa elementor-section-boxed elementor-section-height-default elementor-section-height-default qodef-elementor-content-no\" data-id=\"c9322fa\" data-element_type=\"section\">\n\t\t\t\t\t\t<div class=\"elementor-container elementor-column-gap-default\">\n\t\t\t\t\t<div class=\"elementor-column elementor-col-50 elementor-top-column elementor-element elementor-element-e6bcd6c\" data-id=\"e6bcd6c\" data-element_type=\"column\">\n\t\t\t<div class=\"elementor-widget-wrap elementor-element-populated\">\n\t\t\t\t\t\t<div class=\"elementor-element elementor-element-74cde84 elementor-widget elementor-widget-text-editor\" data-id=\"74cde84\" data-element_type=\"widget\" data-widget_type=\"text-editor.default\">\n\t\t\t\t<div class=\"elementor-widget-container\">\n\t\t\t\t\t\t\t\t\t<p><img decoding=\"async\" class=\"alignnone wp-image-10008\" role=\"img\" src=\"https:\/\/www.vesamgroup.com\/wp-content\/uploads\/2021\/06\/vesam_safety-culture_logo.svg\" alt=\"\" width=\"350\"><\/p><p><span style=\"font-weight: var( --e-global-typography-text-font-weight );\">Nous nous engageons \u00e0 honorer la s\u00e9curit\u00e9 de toutes les parties prenantes de nos projets, de nos employ\u00e9s \u00e0 nos partenaires.<\/span><br><\/p>\n<p>Notre m\u00e9thodologie favorise la pr\u00e9vention des accidents dans tous les contextes et encourage l&rsquo;ex\u00e9cution en toute s\u00e9curit\u00e9 de toutes les activit\u00e9s, conform\u00e9ment aux meilleures pratiques et r\u00e9f\u00e9rences internationales.<\/p>\n<p>Nous cultivons la s\u00e9curit\u00e9 pour recueillir la satisfaction.<\/p>\t\t\t\t\t\t\t\t<\/div>\n\t\t\t\t<\/div>\n\t\t\t\t\t<\/div>\n\t\t<\/div>\n\t\t\t\t<div class=\"elementor-column elementor-col-50 elementor-top-column elementor-element elementor-element-031cc3d\" data-id=\"031cc3d\" data-element_type=\"column\">\n\t\t\t<div class=\"elementor-widget-wrap elementor-element-populated\">\n\t\t\t\t\t\t<div class=\"elementor-element elementor-element-86fd489 elementor-widget elementor-widget-image\" data-id=\"86fd489\" data-element_type=\"widget\" data-widget_type=\"image.default\">\n\t\t\t\t<div class=\"elementor-widget-container\">\n\t\t\t\t\t\t\t\t\t\t\t\t\t\t\t<img fetchpriority=\"high\" decoding=\"async\" width=\"424\" height=\"424\" src=\"https:\/\/www.vesamgroup.com\/wp-content\/uploads\/2021\/05\/safety-culture_2.jpg\" class=\"attachment-full size-full wp-image-9181\" alt=\"\" srcset=\"https:\/\/www.vesamgroup.com\/wp-content\/uploads\/2021\/05\/safety-culture_2.jpg 424w, https:\/\/www.vesamgroup.com\/wp-content\/uploads\/2021\/05\/safety-culture_2-300x300.jpg 300w, https:\/\/www.vesamgroup.com\/wp-content\/uploads\/2021\/05\/safety-culture_2-150x150.jpg 150w, https:\/\/www.vesamgroup.com\/wp-content\/uploads\/2021\/05\/safety-culture_2-82x82.jpg 82w\" sizes=\"(max-width: 424px) 100vw, 424px\" \/>\t\t\t\t\t\t\t\t\t\t\t\t\t\t\t<\/div>\n\t\t\t\t<\/div>\n\t\t\t\t\t<\/div>\n\t\t<\/div>\n\t\t\t\t\t<\/div>\n\t\t<\/section>\n\t\t\t\t<\/div>\n\t\t","protected":false},"excerpt":{"rendered":"<p>Nous nous engageons \u00e0 honorer la s\u00e9curit\u00e9 de toutes les parties prenantes de nos projets, de nos employ\u00e9s \u00e0 nos partenaires. Notre m\u00e9thodologie favorise la pr\u00e9vention des accidents dans tous les contextes et encourage l&rsquo;ex\u00e9cution en toute s\u00e9curit\u00e9 de toutes les activit\u00e9s, conform\u00e9ment aux meilleures pratiques et r\u00e9f\u00e9rences internationales. Nous cultivons la s\u00e9curit\u00e9 pour recueillir [&hellip;]<\/p>\n","protected":false},"author":1,"featured_media":0,"parent":10427,"menu_order":0,"comment_status":"closed","ping_status":"closed","template":"page-full-width.php","meta":{"footnotes":""},"class_list":["post-10949","page","type-page","status-publish","hentry"],"yoast_head":"<!-- This site is optimized with the Yoast SEO plugin v27.5 - https:\/\/yoast.com\/product\/yoast-seo-wordpress\/ -->\n<title>S\u00e9curit\u00e9 - VESAM<\/title>\n<meta name=\"description\" content=\"1\u00aa EMPRESA PORTUGUESA COM MARCA\u00c7\u00c3O CE NA EXECU\u00c7\u00c3O DE ESTRUTURAS DE A\u00c7O.\" \/>\n<meta name=\"robots\" content=\"index, follow, max-snippet:-1, max-image-preview:large, max-video-preview:-1\" \/>\n<link rel=\"canonical\" href=\"https:\/\/www.vesamgroup.com\/fr\/a-vesam\/securite\/\" \/>\n<meta property=\"og:locale\" content=\"fr_FR\" \/>\n<meta property=\"og:type\" content=\"article\" \/>\n<meta property=\"og:title\" content=\"S\u00e9curit\u00e9 - VESAM\" \/>\n<meta property=\"og:description\" content=\"1\u00aa EMPRESA PORTUGUESA COM MARCA\u00c7\u00c3O CE NA EXECU\u00c7\u00c3O DE ESTRUTURAS DE A\u00c7O.\" \/>\n<meta property=\"og:url\" content=\"https:\/\/www.vesamgroup.com\/fr\/a-vesam\/securite\/\" \/>\n<meta property=\"og:site_name\" content=\"VESAM\" \/>\n<meta property=\"article:modified_time\" content=\"2021-07-16T11:31:56+00:00\" \/>\n<meta property=\"og:image\" content=\"https:\/\/www.vesamgroup.com\/wp-content\/uploads\/2021\/06\/vesam_safety-culture_logo.svg\" \/>\n<meta name=\"twitter:card\" content=\"summary_large_image\" \/>\n<meta name=\"twitter:label1\" content=\"Dur\u00e9e de lecture estim\u00e9e\" \/>\n\t<meta name=\"twitter:data1\" content=\"1 minute\" \/>\n<script type=\"application\/ld+json\" class=\"yoast-schema-graph\">{\"@context\":\"https:\\\/\\\/schema.org\",\"@graph\":[{\"@type\":\"WebPage\",\"@id\":\"https:\\\/\\\/www.vesamgroup.com\\\/fr\\\/a-vesam\\\/securite\\\/\",\"url\":\"https:\\\/\\\/www.vesamgroup.com\\\/fr\\\/a-vesam\\\/securite\\\/\",\"name\":\"S\u00e9curit\u00e9 - VESAM\",\"isPartOf\":{\"@id\":\"https:\\\/\\\/www.vesamgroup.com\\\/fr\\\/#website\"},\"primaryImageOfPage\":{\"@id\":\"https:\\\/\\\/www.vesamgroup.com\\\/fr\\\/a-vesam\\\/securite\\\/#primaryimage\"},\"image\":{\"@id\":\"https:\\\/\\\/www.vesamgroup.com\\\/fr\\\/a-vesam\\\/securite\\\/#primaryimage\"},\"thumbnailUrl\":\"https:\\\/\\\/www.vesamgroup.com\\\/wp-content\\\/uploads\\\/2021\\\/06\\\/vesam_safety-culture_logo.svg\",\"datePublished\":\"2021-06-16T16:06:33+00:00\",\"dateModified\":\"2021-07-16T11:31:56+00:00\",\"description\":\"1\u00aa EMPRESA PORTUGUESA COM MARCA\u00c7\u00c3O CE NA EXECU\u00c7\u00c3O DE ESTRUTURAS DE A\u00c7O.\",\"breadcrumb\":{\"@id\":\"https:\\\/\\\/www.vesamgroup.com\\\/fr\\\/a-vesam\\\/securite\\\/#breadcrumb\"},\"inLanguage\":\"fr-FR\",\"potentialAction\":[{\"@type\":\"ReadAction\",\"target\":[\"https:\\\/\\\/www.vesamgroup.com\\\/fr\\\/a-vesam\\\/securite\\\/\"]}]},{\"@type\":\"ImageObject\",\"inLanguage\":\"fr-FR\",\"@id\":\"https:\\\/\\\/www.vesamgroup.com\\\/fr\\\/a-vesam\\\/securite\\\/#primaryimage\",\"url\":\"https:\\\/\\\/www.vesamgroup.com\\\/wp-content\\\/uploads\\\/2021\\\/06\\\/vesam_safety-culture_logo.svg\",\"contentUrl\":\"https:\\\/\\\/www.vesamgroup.com\\\/wp-content\\\/uploads\\\/2021\\\/06\\\/vesam_safety-culture_logo.svg\"},{\"@type\":\"BreadcrumbList\",\"@id\":\"https:\\\/\\\/www.vesamgroup.com\\\/fr\\\/a-vesam\\\/securite\\\/#breadcrumb\",\"itemListElement\":[{\"@type\":\"ListItem\",\"position\":1,\"name\":\"Home\",\"item\":\"https:\\\/\\\/www.vesamgroup.com\\\/fr\\\/\"},{\"@type\":\"ListItem\",\"position\":2,\"name\":\"La Vesam\",\"item\":\"https:\\\/\\\/www.vesamgroup.com\\\/fr\\\/a-vesam\\\/\"},{\"@type\":\"ListItem\",\"position\":3,\"name\":\"S\u00e9curit\u00e9\"}]},{\"@type\":\"WebSite\",\"@id\":\"https:\\\/\\\/www.vesamgroup.com\\\/fr\\\/#website\",\"url\":\"https:\\\/\\\/www.vesamgroup.com\\\/fr\\\/\",\"name\":\"VESAM\",\"description\":\"Pioneiros a criar solu\u00e7\u00f5es integradas e inovadoras em estruturas met\u00e1licas e mistas.\",\"publisher\":{\"@id\":\"https:\\\/\\\/www.vesamgroup.com\\\/fr\\\/#organization\"},\"potentialAction\":[{\"@type\":\"SearchAction\",\"target\":{\"@type\":\"EntryPoint\",\"urlTemplate\":\"https:\\\/\\\/www.vesamgroup.com\\\/fr\\\/?s={search_term_string}\"},\"query-input\":{\"@type\":\"PropertyValueSpecification\",\"valueRequired\":true,\"valueName\":\"search_term_string\"}}],\"inLanguage\":\"fr-FR\"},{\"@type\":\"Organization\",\"@id\":\"https:\\\/\\\/www.vesamgroup.com\\\/fr\\\/#organization\",\"name\":\"Vesam\",\"url\":\"https:\\\/\\\/www.vesamgroup.com\\\/fr\\\/\",\"logo\":{\"@type\":\"ImageObject\",\"inLanguage\":\"fr-FR\",\"@id\":\"https:\\\/\\\/www.vesamgroup.com\\\/fr\\\/#\\\/schema\\\/logo\\\/image\\\/\",\"url\":\"https:\\\/\\\/www.vesamgroup.com\\\/wp-content\\\/uploads\\\/2021\\\/04\\\/VESAM-Logo.png\",\"contentUrl\":\"https:\\\/\\\/www.vesamgroup.com\\\/wp-content\\\/uploads\\\/2021\\\/04\\\/VESAM-Logo.png\",\"width\":243,\"height\":90,\"caption\":\"Vesam\"},\"image\":{\"@id\":\"https:\\\/\\\/www.vesamgroup.com\\\/fr\\\/#\\\/schema\\\/logo\\\/image\\\/\"}}]}<\/script>\n<!-- \/ Yoast SEO plugin. -->","yoast_head_json":{"title":"S\u00e9curit\u00e9 - VESAM","description":"1\u00aa EMPRESA PORTUGUESA COM MARCA\u00c7\u00c3O CE NA EXECU\u00c7\u00c3O DE ESTRUTURAS DE A\u00c7O.","robots":{"index":"index","follow":"follow","max-snippet":"max-snippet:-1","max-image-preview":"max-image-preview:large","max-video-preview":"max-video-preview:-1"},"canonical":"https:\/\/www.vesamgroup.com\/fr\/a-vesam\/securite\/","og_locale":"fr_FR","og_type":"article","og_title":"S\u00e9curit\u00e9 - VESAM","og_description":"1\u00aa EMPRESA PORTUGUESA COM MARCA\u00c7\u00c3O CE NA EXECU\u00c7\u00c3O DE ESTRUTURAS DE A\u00c7O.","og_url":"https:\/\/www.vesamgroup.com\/fr\/a-vesam\/securite\/","og_site_name":"VESAM","article_modified_time":"2021-07-16T11:31:56+00:00","og_image":[{"url":"https:\/\/www.vesamgroup.com\/wp-content\/uploads\/2021\/06\/vesam_safety-culture_logo.svg","type":"","width":"","height":""}],"twitter_card":"summary_large_image","twitter_misc":{"Dur\u00e9e de lecture estim\u00e9e":"1 minute"},"schema":{"@context":"https:\/\/schema.org","@graph":[{"@type":"WebPage","@id":"https:\/\/www.vesamgroup.com\/fr\/a-vesam\/securite\/","url":"https:\/\/www.vesamgroup.com\/fr\/a-vesam\/securite\/","name":"S\u00e9curit\u00e9 - VESAM","isPartOf":{"@id":"https:\/\/www.vesamgroup.com\/fr\/#website"},"primaryImageOfPage":{"@id":"https:\/\/www.vesamgroup.com\/fr\/a-vesam\/securite\/#primaryimage"},"image":{"@id":"https:\/\/www.vesamgroup.com\/fr\/a-vesam\/securite\/#primaryimage"},"thumbnailUrl":"https:\/\/www.vesamgroup.com\/wp-content\/uploads\/2021\/06\/vesam_safety-culture_logo.svg","datePublished":"2021-06-16T16:06:33+00:00","dateModified":"2021-07-16T11:31:56+00:00","description":"1\u00aa EMPRESA PORTUGUESA COM MARCA\u00c7\u00c3O CE NA EXECU\u00c7\u00c3O DE ESTRUTURAS DE A\u00c7O.","breadcrumb":{"@id":"https:\/\/www.vesamgroup.com\/fr\/a-vesam\/securite\/#breadcrumb"},"inLanguage":"fr-FR","potentialAction":[{"@type":"ReadAction","target":["https:\/\/www.vesamgroup.com\/fr\/a-vesam\/securite\/"]}]},{"@type":"ImageObject","inLanguage":"fr-FR","@id":"https:\/\/www.vesamgroup.com\/fr\/a-vesam\/securite\/#primaryimage","url":"https:\/\/www.vesamgroup.com\/wp-content\/uploads\/2021\/06\/vesam_safety-culture_logo.svg","contentUrl":"https:\/\/www.vesamgroup.com\/wp-content\/uploads\/2021\/06\/vesam_safety-culture_logo.svg"},{"@type":"BreadcrumbList","@id":"https:\/\/www.vesamgroup.com\/fr\/a-vesam\/securite\/#breadcrumb","itemListElement":[{"@type":"ListItem","position":1,"name":"Home","item":"https:\/\/www.vesamgroup.com\/fr\/"},{"@type":"ListItem","position":2,"name":"La Vesam","item":"https:\/\/www.vesamgroup.com\/fr\/a-vesam\/"},{"@type":"ListItem","position":3,"name":"S\u00e9curit\u00e9"}]},{"@type":"WebSite","@id":"https:\/\/www.vesamgroup.com\/fr\/#website","url":"https:\/\/www.vesamgroup.com\/fr\/","name":"VESAM","description":"Pioneiros a criar solu\u00e7\u00f5es integradas e inovadoras em estruturas met\u00e1licas e mistas.","publisher":{"@id":"https:\/\/www.vesamgroup.com\/fr\/#organization"},"potentialAction":[{"@type":"SearchAction","target":{"@type":"EntryPoint","urlTemplate":"https:\/\/www.vesamgroup.com\/fr\/?s={search_term_string}"},"query-input":{"@type":"PropertyValueSpecification","valueRequired":true,"valueName":"search_term_string"}}],"inLanguage":"fr-FR"},{"@type":"Organization","@id":"https:\/\/www.vesamgroup.com\/fr\/#organization","name":"Vesam","url":"https:\/\/www.vesamgroup.com\/fr\/","logo":{"@type":"ImageObject","inLanguage":"fr-FR","@id":"https:\/\/www.vesamgroup.com\/fr\/#\/schema\/logo\/image\/","url":"https:\/\/www.vesamgroup.com\/wp-content\/uploads\/2021\/04\/VESAM-Logo.png","contentUrl":"https:\/\/www.vesamgroup.com\/wp-content\/uploads\/2021\/04\/VESAM-Logo.png","width":243,"height":90,"caption":"Vesam"},"image":{"@id":"https:\/\/www.vesamgroup.com\/fr\/#\/schema\/logo\/image\/"}}]}},"_links":{"self":[{"href":"https:\/\/www.vesamgroup.com\/fr\/wp-json\/wp\/v2\/pages\/10949","targetHints":{"allow":["GET"]}}],"collection":[{"href":"https:\/\/www.vesamgroup.com\/fr\/wp-json\/wp\/v2\/pages"}],"about":[{"href":"https:\/\/www.vesamgroup.com\/fr\/wp-json\/wp\/v2\/types\/page"}],"author":[{"embeddable":true,"href":"https:\/\/www.vesamgroup.com\/fr\/wp-json\/wp\/v2\/users\/1"}],"replies":[{"embeddable":true,"href":"https:\/\/www.vesamgroup.com\/fr\/wp-json\/wp\/v2\/comments?post=10949"}],"version-history":[{"count":10,"href":"https:\/\/www.vesamgroup.com\/fr\/wp-json\/wp\/v2\/pages\/10949\/revisions"}],"predecessor-version":[{"id":11303,"href":"https:\/\/www.vesamgroup.com\/fr\/wp-json\/wp\/v2\/pages\/10949\/revisions\/11303"}],"up":[{"embeddable":true,"href":"https:\/\/www.vesamgroup.com\/fr\/wp-json\/wp\/v2\/pages\/10427"}],"wp:attachment":[{"href":"https:\/\/www.vesamgroup.com\/fr\/wp-json\/wp\/v2\/media?parent=10949"}],"curies":[{"name":"wp","href":"https:\/\/api.w.org\/{rel}","templated":true}]}}