{"id":12872,"date":"2021-11-02T09:27:16","date_gmt":"2021-11-02T09:27:16","guid":{"rendered":"https:\/\/www.vesamgroup.com\/politica-de-qualidade\/"},"modified":"2025-08-18T08:39:04","modified_gmt":"2025-08-18T08:39:04","slug":"politique-de-qualite","status":"publish","type":"page","link":"https:\/\/www.vesamgroup.com\/fr\/politique-de-qualite\/","title":{"rendered":"Politique de qualit\u00e9"},"content":{"rendered":"\n<p>La politique de gestion de VESAM SA s\u2019articule autour de quatre axes principaux :<\/p>\n\n\n\n<p><strong>1.<\/strong> Croissance, durabilit\u00e9 \u00e9conomique et financi\u00e8re de l\u2019organisation, fond\u00e9e sur le march\u00e9 mondial ;<\/p>\n\n\n\n<p><strong>2<\/strong>. D\u00e9veloppement technique et motivationnel des ressources humaines, en croyant dans les personnes ;<\/p>\n\n\n\n<p><strong>3<\/strong>. Promotion de produits et services diff\u00e9renciateurs, orient\u00e9s vers la cr\u00e9ation de valeur sur le march\u00e9 des structures en acier ;<\/p>\n\n\n\n<p><strong>4.<\/strong> Renforcement des relations avec les clients gr\u00e2ce \u00e0 la livraison de produits de qualit\u00e9 constante, garantissant leur satisfaction et leur confiance.<\/p>\n\n\n\n<div style=\"height:45px\" aria-hidden=\"true\" class=\"wp-block-spacer\"><\/div>\n\n\n\n<p>Ainsi, les intentions de VESAM SA sont :<\/p>\n\n\n\n<ol class=\"wp-block-list\">\n<li><strong>Renforcer la durabilit\u00e9 \u00e9conomique et financi\u00e8re de l\u2019organisation <\/strong>par l\u2019optimisation du processus de production de diff\u00e9rents types de projets r\u00e9alis\u00e9s sur divers march\u00e9s, garantissant une r\u00e9duction des co\u00fbts totaux par rapport aux projets de r\u00e9f\u00e9rence et une augmentation des revenus gr\u00e2ce \u00e0 l\u2019ajout de valeur \u00e0 la solution initiale.<\/li>\n\n\n\n<li><strong>Satisfaire nos clients <\/strong>et ma\u00eetriser la cha\u00eene de valeur de la production m\u00e9tallom\u00e9canique (Conception, Fabrication, Montage), en fournissant des solutions plus \u00e9conomiques, fiables et livr\u00e9es dans les d\u00e9lais convenus, tout en offrant au client la possibilit\u00e9 de suivre les diff\u00e9rentes phases du cycle de vie d\u2019une structure.<\/li>\n\n\n\n<li><strong>Favoriser la croissance des connaissances techniques et de la motivation au sein de l\u2019organisation <\/strong>par la formation, le d\u00e9veloppement et le partage des savoirs. La motivation des collaborateurs sera encourag\u00e9e par l\u2019\u00e9tablissement d\u2019objectifs et la cr\u00e9ation de nouveaux d\u00e9fis.<\/li>\n\n\n\n<li><strong>Valoriser nos produits et notre savoir-faire existant<\/strong> par une plus grande diff\u00e9renciation et innovation face aux principaux concurrents, gr\u00e2ce \u00e0 l\u2019optimisation technique des solutions structurelles et \u00e0 l\u2019int\u00e9gration de nouvelles technologies.<\/li>\n\n\n\n<li><strong>Promouvoir la consultation et la participation des travailleurs <\/strong>afin de garantir qu\u2019ils disposent des comp\u00e9tences et des ressources n\u00e9cessaires pour am\u00e9liorer la sant\u00e9 et la s\u00e9curit\u00e9 au travail, contribuant ainsi \u00e0 la croissance de l\u2019organisation.<\/li>\n\n\n\n<li><strong>Assurer l\u2019am\u00e9lioration continue des produits et services <\/strong>gr\u00e2ce au maintien d\u2019activit\u00e9s de RDI, ainsi qu\u2019\u00e0 la syst\u00e9matisation de la pr\u00e9paration et de l\u2019ex\u00e9cution des projets.<\/li>\n\n\n\n<li><strong>Promouvoir et maintenir le Syst\u00e8me de Gestion Int\u00e9gr\u00e9 (SGI) par sa r\u00e9vision annuelle<\/strong>, en fixant des Objectifs et Cibles temporels adapt\u00e9s \u00e0 chaque activit\u00e9, afin de suivre correctement la performance de l\u2019entreprise et de garantir le respect des exigences l\u00e9gales applicables et autres engagements souscrits par VESAM.<\/li>\n\n\n\n<li><strong>Respecter toutes les exigences l\u00e9gales et r\u00e9glementaires applicable<\/strong>s, en assurant les bonnes pratiques en mati\u00e8re d\u2019Environnement, de Sant\u00e9 et de S\u00e9curit\u00e9 au travail.<\/li>\n\n\n\n<li><strong>Miser sur des Partenaires qualifi\u00e9s <\/strong>et performants, capables de r\u00e9pondre aux exigences en mati\u00e8re de qualit\u00e9 et de s\u00e9curit\u00e9 au travail.<\/li>\n\n\n\n<li><strong>Promouvoir la responsabilit\u00e9 sociale et environnementale de l\u2019organisation<\/strong>, en encourageant des pratiques durables et \u00e9thiques qui contribuent au d\u00e9veloppement des communaut\u00e9s o\u00f9 nous op\u00e9rons, renfor\u00e7ant ainsi l\u2019engagement de VESAM SA en faveur d\u2019un avenir plus durable et responsable.<\/li>\n<\/ol>\n\n\n\n<p><\/p>\n\n\n\n<p>24 juillet 2025<br>La Direction<br>VESAM, Ing\u00e9nierie, SA<\/p>\n","protected":false},"excerpt":{"rendered":"<p>La politique de gestion de VESAM SA s\u2019articule autour de quatre axes principaux : 1. Croissance, durabilit\u00e9 \u00e9conomique et financi\u00e8re de l\u2019organisation, fond\u00e9e sur le march\u00e9 mondial ; 2. D\u00e9veloppement technique et motivationnel des ressources humaines, en croyant dans les personnes ; 3. Promotion de produits et services diff\u00e9renciateurs, orient\u00e9s vers la cr\u00e9ation de valeur [&hellip;]<\/p>\n","protected":false},"author":4,"featured_media":0,"parent":0,"menu_order":0,"comment_status":"closed","ping_status":"closed","template":"","meta":{"footnotes":""},"class_list":["post-12872","page","type-page","status-publish","hentry"],"yoast_head":"<!-- This site is optimized with the Yoast SEO plugin v27.5 - https:\/\/yoast.com\/product\/yoast-seo-wordpress\/ -->\n<title>Politique de qualit\u00e9 - VESAM<\/title>\n<meta name=\"robots\" content=\"index, follow, max-snippet:-1, max-image-preview:large, max-video-preview:-1\" \/>\n<link rel=\"canonical\" href=\"https:\/\/www.vesamgroup.com\/fr\/politique-de-qualite\/\" \/>\n<meta property=\"og:locale\" content=\"fr_FR\" \/>\n<meta property=\"og:type\" content=\"article\" \/>\n<meta property=\"og:title\" content=\"Politique de qualit\u00e9 - VESAM\" \/>\n<meta property=\"og:description\" content=\"La politique de gestion de VESAM SA s\u2019articule autour de quatre axes principaux : 1. Croissance, durabilit\u00e9 \u00e9conomique et financi\u00e8re de l\u2019organisation, fond\u00e9e sur le march\u00e9 mondial ; 2. D\u00e9veloppement technique et motivationnel des ressources humaines, en croyant dans les personnes ; 3. Promotion de produits et services diff\u00e9renciateurs, orient\u00e9s vers la cr\u00e9ation de valeur [&hellip;]\" \/>\n<meta property=\"og:url\" content=\"https:\/\/www.vesamgroup.com\/fr\/politique-de-qualite\/\" \/>\n<meta property=\"og:site_name\" content=\"VESAM\" \/>\n<meta property=\"article:modified_time\" content=\"2025-08-18T08:39:04+00:00\" \/>\n<meta property=\"og:image\" content=\"https:\/\/www.vesamgroup.com\/wp-content\/uploads\/2021\/07\/VESAM-Open-graph-image.jpg\" \/>\n\t<meta property=\"og:image:width\" content=\"1200\" \/>\n\t<meta property=\"og:image:height\" content=\"630\" \/>\n\t<meta property=\"og:image:type\" content=\"image\/jpeg\" \/>\n<meta name=\"twitter:card\" content=\"summary_large_image\" \/>\n<meta name=\"twitter:label1\" content=\"Dur\u00e9e de lecture estim\u00e9e\" \/>\n\t<meta name=\"twitter:data1\" content=\"1 minute\" \/>\n<script type=\"application\/ld+json\" class=\"yoast-schema-graph\">{\"@context\":\"https:\\\/\\\/schema.org\",\"@graph\":[{\"@type\":\"WebPage\",\"@id\":\"https:\\\/\\\/www.vesamgroup.com\\\/fr\\\/politique-de-qualite\\\/\",\"url\":\"https:\\\/\\\/www.vesamgroup.com\\\/fr\\\/politique-de-qualite\\\/\",\"name\":\"Politique de qualit\u00e9 - VESAM\",\"isPartOf\":{\"@id\":\"https:\\\/\\\/www.vesamgroup.com\\\/fr\\\/#website\"},\"datePublished\":\"2021-11-02T09:27:16+00:00\",\"dateModified\":\"2025-08-18T08:39:04+00:00\",\"breadcrumb\":{\"@id\":\"https:\\\/\\\/www.vesamgroup.com\\\/fr\\\/politique-de-qualite\\\/#breadcrumb\"},\"inLanguage\":\"fr-FR\",\"potentialAction\":[{\"@type\":\"ReadAction\",\"target\":[\"https:\\\/\\\/www.vesamgroup.com\\\/fr\\\/politique-de-qualite\\\/\"]}]},{\"@type\":\"BreadcrumbList\",\"@id\":\"https:\\\/\\\/www.vesamgroup.com\\\/fr\\\/politique-de-qualite\\\/#breadcrumb\",\"itemListElement\":[{\"@type\":\"ListItem\",\"position\":1,\"name\":\"Home\",\"item\":\"https:\\\/\\\/www.vesamgroup.com\\\/fr\\\/\"},{\"@type\":\"ListItem\",\"position\":2,\"name\":\"Politique de qualit\u00e9\"}]},{\"@type\":\"WebSite\",\"@id\":\"https:\\\/\\\/www.vesamgroup.com\\\/fr\\\/#website\",\"url\":\"https:\\\/\\\/www.vesamgroup.com\\\/fr\\\/\",\"name\":\"VESAM\",\"description\":\"Pioneiros a criar solu\u00e7\u00f5es integradas e inovadoras em estruturas met\u00e1licas e mistas.\",\"publisher\":{\"@id\":\"https:\\\/\\\/www.vesamgroup.com\\\/fr\\\/#organization\"},\"potentialAction\":[{\"@type\":\"SearchAction\",\"target\":{\"@type\":\"EntryPoint\",\"urlTemplate\":\"https:\\\/\\\/www.vesamgroup.com\\\/fr\\\/?s={search_term_string}\"},\"query-input\":{\"@type\":\"PropertyValueSpecification\",\"valueRequired\":true,\"valueName\":\"search_term_string\"}}],\"inLanguage\":\"fr-FR\"},{\"@type\":\"Organization\",\"@id\":\"https:\\\/\\\/www.vesamgroup.com\\\/fr\\\/#organization\",\"name\":\"Vesam\",\"url\":\"https:\\\/\\\/www.vesamgroup.com\\\/fr\\\/\",\"logo\":{\"@type\":\"ImageObject\",\"inLanguage\":\"fr-FR\",\"@id\":\"https:\\\/\\\/www.vesamgroup.com\\\/fr\\\/#\\\/schema\\\/logo\\\/image\\\/\",\"url\":\"https:\\\/\\\/www.vesamgroup.com\\\/wp-content\\\/uploads\\\/2021\\\/04\\\/VESAM-Logo.png\",\"contentUrl\":\"https:\\\/\\\/www.vesamgroup.com\\\/wp-content\\\/uploads\\\/2021\\\/04\\\/VESAM-Logo.png\",\"width\":243,\"height\":90,\"caption\":\"Vesam\"},\"image\":{\"@id\":\"https:\\\/\\\/www.vesamgroup.com\\\/fr\\\/#\\\/schema\\\/logo\\\/image\\\/\"}}]}<\/script>\n<!-- \/ Yoast SEO plugin. -->","yoast_head_json":{"title":"Politique de qualit\u00e9 - VESAM","robots":{"index":"index","follow":"follow","max-snippet":"max-snippet:-1","max-image-preview":"max-image-preview:large","max-video-preview":"max-video-preview:-1"},"canonical":"https:\/\/www.vesamgroup.com\/fr\/politique-de-qualite\/","og_locale":"fr_FR","og_type":"article","og_title":"Politique de qualit\u00e9 - VESAM","og_description":"La politique de gestion de VESAM SA s\u2019articule autour de quatre axes principaux : 1. Croissance, durabilit\u00e9 \u00e9conomique et financi\u00e8re de l\u2019organisation, fond\u00e9e sur le march\u00e9 mondial ; 2. D\u00e9veloppement technique et motivationnel des ressources humaines, en croyant dans les personnes ; 3. Promotion de produits et services diff\u00e9renciateurs, orient\u00e9s vers la cr\u00e9ation de valeur [&hellip;]","og_url":"https:\/\/www.vesamgroup.com\/fr\/politique-de-qualite\/","og_site_name":"VESAM","article_modified_time":"2025-08-18T08:39:04+00:00","og_image":[{"width":1200,"height":630,"url":"https:\/\/www.vesamgroup.com\/wp-content\/uploads\/2021\/07\/VESAM-Open-graph-image.jpg","type":"image\/jpeg"}],"twitter_card":"summary_large_image","twitter_misc":{"Dur\u00e9e de lecture estim\u00e9e":"1 minute"},"schema":{"@context":"https:\/\/schema.org","@graph":[{"@type":"WebPage","@id":"https:\/\/www.vesamgroup.com\/fr\/politique-de-qualite\/","url":"https:\/\/www.vesamgroup.com\/fr\/politique-de-qualite\/","name":"Politique de qualit\u00e9 - VESAM","isPartOf":{"@id":"https:\/\/www.vesamgroup.com\/fr\/#website"},"datePublished":"2021-11-02T09:27:16+00:00","dateModified":"2025-08-18T08:39:04+00:00","breadcrumb":{"@id":"https:\/\/www.vesamgroup.com\/fr\/politique-de-qualite\/#breadcrumb"},"inLanguage":"fr-FR","potentialAction":[{"@type":"ReadAction","target":["https:\/\/www.vesamgroup.com\/fr\/politique-de-qualite\/"]}]},{"@type":"BreadcrumbList","@id":"https:\/\/www.vesamgroup.com\/fr\/politique-de-qualite\/#breadcrumb","itemListElement":[{"@type":"ListItem","position":1,"name":"Home","item":"https:\/\/www.vesamgroup.com\/fr\/"},{"@type":"ListItem","position":2,"name":"Politique de qualit\u00e9"}]},{"@type":"WebSite","@id":"https:\/\/www.vesamgroup.com\/fr\/#website","url":"https:\/\/www.vesamgroup.com\/fr\/","name":"VESAM","description":"Pioneiros a criar solu\u00e7\u00f5es integradas e inovadoras em estruturas met\u00e1licas e mistas.","publisher":{"@id":"https:\/\/www.vesamgroup.com\/fr\/#organization"},"potentialAction":[{"@type":"SearchAction","target":{"@type":"EntryPoint","urlTemplate":"https:\/\/www.vesamgroup.com\/fr\/?s={search_term_string}"},"query-input":{"@type":"PropertyValueSpecification","valueRequired":true,"valueName":"search_term_string"}}],"inLanguage":"fr-FR"},{"@type":"Organization","@id":"https:\/\/www.vesamgroup.com\/fr\/#organization","name":"Vesam","url":"https:\/\/www.vesamgroup.com\/fr\/","logo":{"@type":"ImageObject","inLanguage":"fr-FR","@id":"https:\/\/www.vesamgroup.com\/fr\/#\/schema\/logo\/image\/","url":"https:\/\/www.vesamgroup.com\/wp-content\/uploads\/2021\/04\/VESAM-Logo.png","contentUrl":"https:\/\/www.vesamgroup.com\/wp-content\/uploads\/2021\/04\/VESAM-Logo.png","width":243,"height":90,"caption":"Vesam"},"image":{"@id":"https:\/\/www.vesamgroup.com\/fr\/#\/schema\/logo\/image\/"}}]}},"_links":{"self":[{"href":"https:\/\/www.vesamgroup.com\/fr\/wp-json\/wp\/v2\/pages\/12872","targetHints":{"allow":["GET"]}}],"collection":[{"href":"https:\/\/www.vesamgroup.com\/fr\/wp-json\/wp\/v2\/pages"}],"about":[{"href":"https:\/\/www.vesamgroup.com\/fr\/wp-json\/wp\/v2\/types\/page"}],"author":[{"embeddable":true,"href":"https:\/\/www.vesamgroup.com\/fr\/wp-json\/wp\/v2\/users\/4"}],"replies":[{"embeddable":true,"href":"https:\/\/www.vesamgroup.com\/fr\/wp-json\/wp\/v2\/comments?post=12872"}],"version-history":[{"count":4,"href":"https:\/\/www.vesamgroup.com\/fr\/wp-json\/wp\/v2\/pages\/12872\/revisions"}],"predecessor-version":[{"id":19650,"href":"https:\/\/www.vesamgroup.com\/fr\/wp-json\/wp\/v2\/pages\/12872\/revisions\/19650"}],"wp:attachment":[{"href":"https:\/\/www.vesamgroup.com\/fr\/wp-json\/wp\/v2\/media?parent=12872"}],"curies":[{"name":"wp","href":"https:\/\/api.w.org\/{rel}","templated":true}]}}